{"id":880,"date":"2016-06-02T21:26:40","date_gmt":"2016-06-02T21:26:40","guid":{"rendered":"http:\/\/www.jjkv.se\/?page_id=880"},"modified":"2021-08-02T10:42:17","modified_gmt":"2021-08-02T10:42:17","slug":"foretagsanpassat-sjalvforsvar","status":"publish","type":"page","link":"https:\/\/www.jjkv.se\/?page_id=880","title":{"rendered":"F\u00f6retagsanpassat sj\u00e4lvf\u00f6rsvar"},"content":{"rendered":"<p><strong>F\u00f6retagsanpassat sj\u00e4lvf\u00f6rsvar,<\/strong><br \/>\nDenna utbildning v\u00e4nder sig till f\u00f6retag d\u00e4r personal kan uts\u00e4ttas f\u00f6r olika typer av\u00a0<em>Hot om V\u00e5ld.<\/em><\/p>\n<p>Vi specialdesignar utbildningen efter era \u00f6nskem\u00e5l och krav.<\/p>\n<p>Vissa yrkesgrupper \u00e4r mer utsatta \u00e4n andra och kan beh\u00f6va l\u00e4ra sig mer om sj\u00e4lvf\u00f6rsvar \u2013 sj\u00e4lvskydd: hur man undviker riskfyllda situationer och hur man f\u00f6rsvarar sig.<br \/>\nExempel p\u00e5 s\u00e5dana yrkesgrupper \u00e4r <strong><em>v\u00e4ktare<\/em><\/strong>, <em><strong>sjuksk\u00f6terskor<\/strong><\/em>, <strong><em>mentalsk\u00f6tare<\/em><\/strong>, <em><strong>restaurang \/handel<\/strong><\/em>, <em><strong>polis<\/strong><\/em>, <em><strong>taxif\u00f6rare,<\/strong><\/em>\u00a0<strong><em>socialarbetare, l\u00e4rare\u00a0<\/em><\/strong><em>och \/<\/em>eller olika<strong><em> serviceyrken<\/em><\/strong>.<\/p>\n<p>Kontakta oss f\u00f6r mer info.<\/p>\n<p>Varmt v\u00e4lkommen med din bokning!<\/p>\n<p>Vi bokar upp ett tillf\u00e4lle som passar er verksamhet.<br \/>\nDenna kurs \u00e4r inriktad f\u00f6r socialtj\u00e4nstens olika yrkesroller: socialarbetare, assistenter, v\u00e5rdpersonal och andra roller inom socialtj\u00e4nsten.<\/p>\n<p>H\u00f6r av er till mig f\u00f6r att f\u00e5 mer information.<br \/>\nMikael Collberg 070-297 07 09 eller<br \/>\n<a href=\"mailto:mikael.collberg@jjkv.se\"><span class=\"username\">mikael.collberg@jjkv.se<\/span><\/a><\/p>\n<p><strong>Betalning<br \/>\n<\/strong>Betalning sker via Handelsbanken Bankgiro\u00a0 <strong>6531 <\/strong>5055 &#8211; 3247<br \/>\nAnge namn, personnummer \u00a0(exempel: Anders Andersson 19840101).<\/p>\n","protected":false},"excerpt":{"rendered":"<p>F\u00f6retagsanpassat sj\u00e4lvf\u00f6rsvar, Denna utbildning v\u00e4nder sig till f\u00f6retag d\u00e4r personal kan uts\u00e4ttas f\u00f6r olika typer av\u00a0Hot om V\u00e5ld. Vi specialdesignar utbildningen efter era \u00f6nskem\u00e5l och krav. Vissa yrkesgrupper \u00e4r mer utsatta \u00e4n andra och kan beh\u00f6va l\u00e4ra sig mer om &hellip; <a href=\"https:\/\/www.jjkv.se\/?page_id=880\">L\u00e4s mer <span class=\"meta-nav\">&rarr;<\/span><\/a><\/p>\n","protected":false},"author":4,"featured_media":0,"parent":762,"menu_order":0,"comment_status":"closed","ping_status":"closed","template":"sidebar-page.php","meta":[],"_links":{"self":[{"href":"https:\/\/www.jjkv.se\/index.php?rest_route=\/wp\/v2\/pages\/880"}],"collection":[{"href":"https:\/\/www.jjkv.se\/index.php?rest_route=\/wp\/v2\/pages"}],"about":[{"href":"https:\/\/www.jjkv.se\/index.php?rest_route=\/wp\/v2\/types\/page"}],"author":[{"embeddable":true,"href":"https:\/\/www.jjkv.se\/index.php?rest_route=\/wp\/v2\/users\/4"}],"replies":[{"embeddable":true,"href":"https:\/\/www.jjkv.se\/index.php?rest_route=%2Fwp%2Fv2%2Fcomments&post=880"}],"version-history":[{"count":32,"href":"https:\/\/www.jjkv.se\/index.php?rest_route=\/wp\/v2\/pages\/880\/revisions"}],"predecessor-version":[{"id":1351,"href":"https:\/\/www.jjkv.se\/index.php?rest_route=\/wp\/v2\/pages\/880\/revisions\/1351"}],"up":[{"embeddable":true,"href":"https:\/\/www.jjkv.se\/index.php?rest_route=\/wp\/v2\/pages\/762"}],"wp:attachment":[{"href":"https:\/\/www.jjkv.se\/index.php?rest_route=%2Fwp%2Fv2%2Fmedia&parent=880"}],"curies":[{"name":"wp","href":"https:\/\/api.w.org\/{rel}","templated":true}]}}