{"id":762,"date":"2015-12-23T20:04:40","date_gmt":"2015-12-23T20:04:40","guid":{"rendered":"http:\/\/www.jjkv.se\/?page_id=762"},"modified":"2022-07-24T17:37:33","modified_gmt":"2022-07-24T17:37:33","slug":"private-trainer-2","status":"publish","type":"page","link":"https:\/\/www.jjkv.se\/?page_id=762","title":{"rendered":"Utbildningar"},"content":{"rendered":"<p><em><strong>Vi erbjuder effektiva sj\u00e4lvf\u00f6rsvars utbildningar inom Ju-Jutsu Kai V\u00e4ster\u00e5s .<\/strong><\/em><\/p>\n<p><strong><strong>Tr\u00e4ning\u00a0och\u00a0sj\u00e4lvf\u00f6rsvar i\u00a0olika former.<\/strong><\/strong><\/p>\n<p><strong>Vi erbjuder :<\/strong><\/p>\n<ul>\n<li>Ju jutsu-tr\u00e4ning i grupp<\/li>\n<li>Utbildning i \u201dPersonligt skydd&#8221;<\/li>\n<li>Tr\u00e4ning\/utbildning med PT (Personlig tr\u00e4nare)<\/li>\n<li>\u00a0Kvinnligt Sj\u00e4lvf\u00f6rsvar<\/li>\n<li>Sj\u00e4lvf\u00f6rsvar f\u00f6retagsanpassat<\/li>\n<li>Civilf\u00f6rsvarsutbildning f\u00f6r medborgaren<\/li>\n<\/ul>\n<p>Varmt v\u00e4lkommen med din bokning!<\/p>\n<p>H\u00f6r av er till mig f\u00f6r att f\u00e5 mer information.<br \/>\nMikael Collberg 076 &#8211; 297 07 09 el mikael.collberg@jjkv.se<\/p>\n<p><em><strong>\u00a0<\/strong><\/em><\/p>\n<p>.<\/p>\n","protected":false},"excerpt":{"rendered":"<p>Vi erbjuder effektiva sj\u00e4lvf\u00f6rsvars utbildningar inom Ju-Jutsu Kai V\u00e4ster\u00e5s . Tr\u00e4ning\u00a0och\u00a0sj\u00e4lvf\u00f6rsvar i\u00a0olika former. Vi erbjuder : Ju jutsu-tr\u00e4ning i grupp Utbildning i \u201dPersonligt skydd&#8221; Tr\u00e4ning\/utbildning med PT (Personlig tr\u00e4nare) \u00a0Kvinnligt Sj\u00e4lvf\u00f6rsvar Sj\u00e4lvf\u00f6rsvar f\u00f6retagsanpassat Civilf\u00f6rsvarsutbildning f\u00f6r medborgaren Varmt v\u00e4lkommen med din &hellip; <a href=\"https:\/\/www.jjkv.se\/?page_id=762\">L\u00e4s mer <span class=\"meta-nav\">&rarr;<\/span><\/a><\/p>\n","protected":false},"author":4,"featured_media":0,"parent":0,"menu_order":0,"comment_status":"closed","ping_status":"closed","template":"sidebar-page.php","meta":[],"_links":{"self":[{"href":"https:\/\/www.jjkv.se\/index.php?rest_route=\/wp\/v2\/pages\/762"}],"collection":[{"href":"https:\/\/www.jjkv.se\/index.php?rest_route=\/wp\/v2\/pages"}],"about":[{"href":"https:\/\/www.jjkv.se\/index.php?rest_route=\/wp\/v2\/types\/page"}],"author":[{"embeddable":true,"href":"https:\/\/www.jjkv.se\/index.php?rest_route=\/wp\/v2\/users\/4"}],"replies":[{"embeddable":true,"href":"https:\/\/www.jjkv.se\/index.php?rest_route=%2Fwp%2Fv2%2Fcomments&post=762"}],"version-history":[{"count":34,"href":"https:\/\/www.jjkv.se\/index.php?rest_route=\/wp\/v2\/pages\/762\/revisions"}],"predecessor-version":[{"id":1378,"href":"https:\/\/www.jjkv.se\/index.php?rest_route=\/wp\/v2\/pages\/762\/revisions\/1378"}],"wp:attachment":[{"href":"https:\/\/www.jjkv.se\/index.php?rest_route=%2Fwp%2Fv2%2Fmedia&parent=762"}],"curies":[{"name":"wp","href":"https:\/\/api.w.org\/{rel}","templated":true}]}}