{"id":703,"date":"2015-09-28T13:33:39","date_gmt":"2015-09-28T13:33:39","guid":{"rendered":"http:\/\/www.jjkv.se\/?page_id=703"},"modified":"2018-04-10T10:29:14","modified_gmt":"2018-04-10T10:29:14","slug":"traning-i-dojon","status":"publish","type":"page","link":"https:\/\/www.jjkv.se\/?page_id=703","title":{"rendered":"Tr\u00e4ning i dojon"},"content":{"rendered":"<h2><strong>Tr\u00e4ning i olika former och underh\u00e5llning.\u00a0 :\u00b4-)<\/strong><a href=\"http:\/\/www.jjkv.se\/wp-content\/uploads\/2015\/02\/cropped-hh-1-of-1-6-e1423732817476.jpg\" rel=\"attachment wp-att-291\"><img loading=\"lazy\" class=\"wp-image-291 alignright\" src=\"http:\/\/www.jjkv.se\/wp-content\/uploads\/2015\/02\/cropped-hh-1-of-1-6-e1423732817476-300x121.jpg\" alt=\"cropped-hh-1-of-1-6-e1423732817476.jpg\" width=\"367\" height=\"153\" \/><\/a><\/h2>\n<p>&nbsp;<\/p>\n<p>&nbsp;<\/p>\n<p>&nbsp;<\/p>\n<p><a href=\"http:\/\/www.jjkv.se\/wp-content\/uploads\/2015\/09\/DSC_0582.jpg\">\u00a0<\/a><a href=\"http:\/\/www.jjkv.se\/wp-content\/uploads\/2015\/09\/DSC_0582.jpg\"><img loading=\"lazy\" class=\"size-medium wp-image-706 aligncenter\" src=\"http:\/\/www.jjkv.se\/wp-content\/uploads\/2015\/09\/DSC_0582-300x201.jpg\" alt=\"DSC_0582\" width=\"300\" height=\"201\" srcset=\"https:\/\/www.jjkv.se\/wp-content\/uploads\/2015\/09\/DSC_0582-300x201.jpg 300w, https:\/\/www.jjkv.se\/wp-content\/uploads\/2015\/09\/DSC_0582-1024x687.jpg 1024w, https:\/\/www.jjkv.se\/wp-content\/uploads\/2015\/09\/DSC_0582-447x300.jpg 447w\" sizes=\"(max-width: 300px) 100vw, 300px\" \/><\/a><\/p>\n<p><a href=\"http:\/\/www.jjkv.se\/wp-content\/uploads\/2015\/07\/hh-1-of-1-2.jpg\"><img loading=\"lazy\" class=\"size-medium wp-image-656 alignright\" src=\"http:\/\/www.jjkv.se\/wp-content\/uploads\/2015\/07\/hh-1-of-1-2-300x232.jpg\" alt=\"hh (1 of 1)-2\" width=\"300\" height=\"232\" srcset=\"https:\/\/www.jjkv.se\/wp-content\/uploads\/2015\/07\/hh-1-of-1-2-300x232.jpg 300w, https:\/\/www.jjkv.se\/wp-content\/uploads\/2015\/07\/hh-1-of-1-2-1024x792.jpg 1024w, https:\/\/www.jjkv.se\/wp-content\/uploads\/2015\/07\/hh-1-of-1-2-388x300.jpg 388w\" sizes=\"(max-width: 300px) 100vw, 300px\" \/><\/a><\/p>\n<div id=\"attachment_831\" style=\"width: 310px\" class=\"wp-caption aligncenter\"><a href=\"http:\/\/www.jjkv.se\/wp-content\/uploads\/2016\/03\/IMG_0604.jpg\" rel=\"attachment wp-att-831\"><img aria-describedby=\"caption-attachment-831\" loading=\"lazy\" class=\"wp-image-831 size-medium\" src=\"http:\/\/www.jjkv.se\/wp-content\/uploads\/2016\/03\/IMG_0604-300x300.jpg\" alt=\"IMG_0604\" width=\"300\" height=\"300\" srcset=\"https:\/\/www.jjkv.se\/wp-content\/uploads\/2016\/03\/IMG_0604-300x300.jpg 300w, https:\/\/www.jjkv.se\/wp-content\/uploads\/2016\/03\/IMG_0604-150x150.jpg 150w, https:\/\/www.jjkv.se\/wp-content\/uploads\/2016\/03\/IMG_0604-768x768.jpg 768w, https:\/\/www.jjkv.se\/wp-content\/uploads\/2016\/03\/IMG_0604-1024x1024.jpg 1024w\" sizes=\"(max-width: 300px) 100vw, 300px\" \/><\/a><p id=\"caption-attachment-831\" class=\"wp-caption-text\">Tr\u00e4ning med vinter kl\u00e4der \u00b4efter\u00b4<\/p><\/div>\n<div id=\"attachment_832\" style=\"width: 310px\" class=\"wp-caption alignright\"><a href=\"http:\/\/www.jjkv.se\/wp-content\/uploads\/2016\/03\/IMG_0606.jpg\" rel=\"attachment wp-att-832\"><img aria-describedby=\"caption-attachment-832\" loading=\"lazy\" class=\"wp-image-832 size-medium\" src=\"http:\/\/www.jjkv.se\/wp-content\/uploads\/2016\/03\/IMG_0606-300x300.jpg\" alt=\"IMG_0606\" width=\"300\" height=\"300\" srcset=\"https:\/\/www.jjkv.se\/wp-content\/uploads\/2016\/03\/IMG_0606-300x300.jpg 300w, https:\/\/www.jjkv.se\/wp-content\/uploads\/2016\/03\/IMG_0606-150x150.jpg 150w, https:\/\/www.jjkv.se\/wp-content\/uploads\/2016\/03\/IMG_0606-768x768.jpg 768w, https:\/\/www.jjkv.se\/wp-content\/uploads\/2016\/03\/IMG_0606-1024x1024.jpg 1024w\" sizes=\"(max-width: 300px) 100vw, 300px\" \/><\/a><p id=\"caption-attachment-832\" class=\"wp-caption-text\">Tr\u00e4ning med vinter kl\u00e4der \u00b4f\u00f6re\u00b4<\/p><\/div>\n<div id=\"attachment_830\" style=\"width: 476px\" class=\"wp-caption alignright\"><a href=\"http:\/\/www.jjkv.se\/wp-content\/uploads\/2016\/03\/IMG_0542.jpg\" rel=\"attachment wp-att-830\"><img aria-describedby=\"caption-attachment-830\" loading=\"lazy\" class=\"wp-image-830\" src=\"http:\/\/www.jjkv.se\/wp-content\/uploads\/2016\/03\/IMG_0542-300x225.jpg\" alt=\"IMG_0542\" width=\"466\" height=\"352\" \/><\/a><p id=\"caption-attachment-830\" class=\"wp-caption-text\">Uppsala Ju-Jutsu Kai<\/p><\/div>\n<p><a href=\"http:\/\/www.jjkv.se\/wp-content\/uploads\/2016\/03\/hh-1-of-1-8.jpg\" rel=\"attachment wp-att-829\"><img loading=\"lazy\" class=\"alignnone size-medium wp-image-829\" src=\"http:\/\/www.jjkv.se\/wp-content\/uploads\/2016\/03\/hh-1-of-1-8-300x200.jpg\" alt=\"hh (1 of 1)-8\" width=\"300\" height=\"200\" srcset=\"https:\/\/www.jjkv.se\/wp-content\/uploads\/2016\/03\/hh-1-of-1-8-300x200.jpg 300w, https:\/\/www.jjkv.se\/wp-content\/uploads\/2016\/03\/hh-1-of-1-8-768x512.jpg 768w, https:\/\/www.jjkv.se\/wp-content\/uploads\/2016\/03\/hh-1-of-1-8-1024x683.jpg 1024w, https:\/\/www.jjkv.se\/wp-content\/uploads\/2016\/03\/hh-1-of-1-8-450x300.jpg 450w\" sizes=\"(max-width: 300px) 100vw, 300px\" \/><\/a> <a href=\"http:\/\/www.jjkv.se\/wp-content\/uploads\/2016\/03\/hh-1-of-1-7.jpg\" rel=\"attachment wp-att-828\"><img loading=\"lazy\" class=\"alignnone size-medium wp-image-828\" src=\"http:\/\/www.jjkv.se\/wp-content\/uploads\/2016\/03\/hh-1-of-1-7-300x200.jpg\" alt=\"hh (1 of 1)-7\" width=\"300\" height=\"200\" srcset=\"https:\/\/www.jjkv.se\/wp-content\/uploads\/2016\/03\/hh-1-of-1-7-300x200.jpg 300w, https:\/\/www.jjkv.se\/wp-content\/uploads\/2016\/03\/hh-1-of-1-7-768x512.jpg 768w, https:\/\/www.jjkv.se\/wp-content\/uploads\/2016\/03\/hh-1-of-1-7-1024x683.jpg 1024w, https:\/\/www.jjkv.se\/wp-content\/uploads\/2016\/03\/hh-1-of-1-7-450x300.jpg 450w\" sizes=\"(max-width: 300px) 100vw, 300px\" \/><\/a><\/p>\n<div id=\"attachment_604\" style=\"width: 235px\" class=\"wp-caption alignright\"><a href=\"http:\/\/www.jjkv.se\/wp-content\/uploads\/2015\/07\/IMG_0216.jpg\" rel=\"attachment wp-att-604\"><img aria-describedby=\"caption-attachment-604\" loading=\"lazy\" class=\"wp-image-604 size-medium\" src=\"http:\/\/www.jjkv.se\/wp-content\/uploads\/2015\/07\/IMG_0216-225x300.jpg\" alt=\"IMG_0216\" width=\"225\" height=\"300\" srcset=\"https:\/\/www.jjkv.se\/wp-content\/uploads\/2015\/07\/IMG_0216-225x300.jpg 225w, https:\/\/www.jjkv.se\/wp-content\/uploads\/2015\/07\/IMG_0216-768x1024.jpg 768w\" sizes=\"(max-width: 225px) 100vw, 225px\" \/><\/a><p id=\"caption-attachment-604\" class=\"wp-caption-text\">Fredags Mysss!<\/p><\/div>\n<div id=\"attachment_835\" style=\"width: 244px\" class=\"wp-caption alignnone\"><a href=\"http:\/\/www.jjkv.se\/wp-content\/uploads\/2016\/03\/IMG_0659.jpg\" rel=\"attachment wp-att-835\"><img aria-describedby=\"caption-attachment-835\" loading=\"lazy\" class=\"wp-image-835\" src=\"http:\/\/www.jjkv.se\/wp-content\/uploads\/2016\/03\/IMG_0659-300x300.jpg\" alt=\"IMG_0659\" width=\"234\" height=\"234\" srcset=\"https:\/\/www.jjkv.se\/wp-content\/uploads\/2016\/03\/IMG_0659-300x300.jpg 300w, https:\/\/www.jjkv.se\/wp-content\/uploads\/2016\/03\/IMG_0659-150x150.jpg 150w, https:\/\/www.jjkv.se\/wp-content\/uploads\/2016\/03\/IMG_0659-768x768.jpg 768w, https:\/\/www.jjkv.se\/wp-content\/uploads\/2016\/03\/IMG_0659-1024x1024.jpg 1024w\" sizes=\"(max-width: 234px) 100vw, 234px\" \/><\/a><p id=\"caption-attachment-835\" class=\"wp-caption-text\">Anders och Thomas underh\u00e5ller oss.<\/p><\/div>\n<p><a href=\"http:\/\/www.jjkv.se\/wp-content\/uploads\/2015\/07\/IMG_0216.jpg\" rel=\"attachment wp-att-604\"><br \/>\n<\/a>\u00a0\u00a0\u00a0\u00a0\u00a0\u00a0\u00a0\u00a0\u00a0\u00a0\u00a0\u00a0\u00a0\u00a0\u00a0\u00a0\u00a0\u00a0\u00a0\u00a0\u00a0\u00a0\u00a0\u00a0\u00a0\u00a0\u00a0\u00a0\u00a0\u00a0\u00a0\u00a0\u00a0\u00a0\u00a0\u00a0\u00a0\u00a0\u00a0\u00a0\u00a0\u00a0\u00a0\u00a0\u00a0\u00a0\u00a0\u00a0\u00a0\u00a0\u00a0\u00a0\u00a0\u00a0\u00a0\u00a0\u00a0\u00a0\u00a0\u00a0\u00a0\u00a0\u00a0\u00a0\u00a0\u00a0\u00a0\u00a0\u00a0\u00a0\u00a0\u00a0\u00a0\u00a0\u00a0\u00a0\u00a0\u00a0\u00a0\u00a0\u00a0\u00a0\u00a0\u00a0\u00a0\u00a0\u00a0\u00a0\u00a0\u00a0\u00a0\u00a0\u00a0\u00a0\u00a0\u00a0\u00a0\u00a0\u00a0\u00a0\u00a0\u00a0\u00a0\u00a0\u00a0\u00a0\u00a0\u00a0\u00a0\u00a0<a href=\"http:\/\/www.jjkv.se\/wp-content\/uploads\/2016\/03\/IMG_0682.jpg\" rel=\"attachment wp-att-836\"><img loading=\"lazy\" class=\"alignnone wp-image-836\" src=\"http:\/\/www.jjkv.se\/wp-content\/uploads\/2016\/03\/IMG_0682-300x300.jpg\" alt=\"IMG_0682\" width=\"224\" height=\"224\" srcset=\"https:\/\/www.jjkv.se\/wp-content\/uploads\/2016\/03\/IMG_0682-300x300.jpg 300w, https:\/\/www.jjkv.se\/wp-content\/uploads\/2016\/03\/IMG_0682-150x150.jpg 150w, https:\/\/www.jjkv.se\/wp-content\/uploads\/2016\/03\/IMG_0682-768x768.jpg 768w, https:\/\/www.jjkv.se\/wp-content\/uploads\/2016\/03\/IMG_0682-1024x1024.jpg 1024w\" sizes=\"(max-width: 224px) 100vw, 224px\" \/><\/a>\u00a0\u00a0\u00a0\u00a0\u00a0\u00a0\u00a0\u00a0\u00a0\u00a0\u00a0\u00a0\u00a0\u00a0\u00a0\u00a0\u00a0\u00a0\u00a0\u00a0\u00a0\u00a0\u00a0\u00a0\u00a0\u00a0\u00a0\u00a0 <a href=\"http:\/\/www.jjkv.se\/wp-content\/uploads\/2016\/03\/IMG_0641.jpg\" rel=\"attachment wp-att-834\"><img loading=\"lazy\" class=\"alignnone wp-image-834\" src=\"http:\/\/www.jjkv.se\/wp-content\/uploads\/2016\/03\/IMG_0641-300x300.jpg\" alt=\"IMG_0641\" width=\"180\" height=\"180\" srcset=\"https:\/\/www.jjkv.se\/wp-content\/uploads\/2016\/03\/IMG_0641-300x300.jpg 300w, https:\/\/www.jjkv.se\/wp-content\/uploads\/2016\/03\/IMG_0641-150x150.jpg 150w, https:\/\/www.jjkv.se\/wp-content\/uploads\/2016\/03\/IMG_0641-768x768.jpg 768w, https:\/\/www.jjkv.se\/wp-content\/uploads\/2016\/03\/IMG_0641-1024x1024.jpg 1024w\" sizes=\"(max-width: 180px) 100vw, 180px\" \/>\u00a0\u00a0\u00a0\u00a0\u00a0\u00a0\u00a0\u00a0\u00a0 \u00a0\u00a0\u00a0\u00a0\u00a0\u00a0\u00a0\u00a0\u00a0\u00a0\u00a0\u00a0\u00a0\u00a0\u00a0\u00a0\u00a0\u00a0\u00a0\u00a0\u00a0\u00a0\u00a0\u00a0\u00a0<\/a><a href=\"http:\/\/www.jjkv.se\/wp-content\/uploads\/2016\/03\/IMG_0641.jpg\" rel=\"attachment wp-att-834\">\u00a0<\/a><\/p>\n","protected":false},"excerpt":{"rendered":"<p>Tr\u00e4ning i olika former och underh\u00e5llning.\u00a0 :\u00b4-) &nbsp; &nbsp; &nbsp; \u00a0 \u00a0\u00a0\u00a0\u00a0\u00a0\u00a0\u00a0\u00a0\u00a0\u00a0\u00a0\u00a0\u00a0\u00a0\u00a0\u00a0\u00a0\u00a0\u00a0\u00a0\u00a0\u00a0\u00a0\u00a0\u00a0\u00a0\u00a0\u00a0\u00a0\u00a0\u00a0\u00a0\u00a0\u00a0\u00a0\u00a0\u00a0\u00a0\u00a0\u00a0\u00a0\u00a0\u00a0\u00a0\u00a0\u00a0\u00a0\u00a0\u00a0\u00a0\u00a0\u00a0\u00a0\u00a0\u00a0\u00a0\u00a0\u00a0\u00a0\u00a0\u00a0\u00a0\u00a0\u00a0\u00a0\u00a0\u00a0\u00a0\u00a0\u00a0\u00a0\u00a0\u00a0\u00a0\u00a0\u00a0\u00a0\u00a0\u00a0\u00a0\u00a0\u00a0\u00a0\u00a0\u00a0\u00a0\u00a0\u00a0\u00a0\u00a0\u00a0\u00a0\u00a0\u00a0\u00a0\u00a0\u00a0\u00a0\u00a0\u00a0\u00a0\u00a0\u00a0\u00a0\u00a0\u00a0\u00a0\u00a0\u00a0\u00a0\u00a0\u00a0\u00a0\u00a0\u00a0\u00a0\u00a0\u00a0\u00a0\u00a0\u00a0\u00a0\u00a0\u00a0\u00a0\u00a0\u00a0\u00a0\u00a0\u00a0\u00a0\u00a0\u00a0\u00a0\u00a0\u00a0\u00a0\u00a0 \u00a0\u00a0\u00a0\u00a0\u00a0\u00a0\u00a0\u00a0\u00a0 \u00a0\u00a0\u00a0\u00a0\u00a0\u00a0\u00a0\u00a0\u00a0\u00a0\u00a0\u00a0\u00a0\u00a0\u00a0\u00a0\u00a0\u00a0\u00a0\u00a0\u00a0\u00a0\u00a0\u00a0\u00a0\u00a0<\/p>\n","protected":false},"author":4,"featured_media":0,"parent":252,"menu_order":0,"comment_status":"closed","ping_status":"closed","template":"","meta":[],"_links":{"self":[{"href":"https:\/\/www.jjkv.se\/index.php?rest_route=\/wp\/v2\/pages\/703"}],"collection":[{"href":"https:\/\/www.jjkv.se\/index.php?rest_route=\/wp\/v2\/pages"}],"about":[{"href":"https:\/\/www.jjkv.se\/index.php?rest_route=\/wp\/v2\/types\/page"}],"author":[{"embeddable":true,"href":"https:\/\/www.jjkv.se\/index.php?rest_route=\/wp\/v2\/users\/4"}],"replies":[{"embeddable":true,"href":"https:\/\/www.jjkv.se\/index.php?rest_route=%2Fwp%2Fv2%2Fcomments&post=703"}],"version-history":[{"count":8,"href":"https:\/\/www.jjkv.se\/index.php?rest_route=\/wp\/v2\/pages\/703\/revisions"}],"predecessor-version":[{"id":837,"href":"https:\/\/www.jjkv.se\/index.php?rest_route=\/wp\/v2\/pages\/703\/revisions\/837"}],"up":[{"embeddable":true,"href":"https:\/\/www.jjkv.se\/index.php?rest_route=\/wp\/v2\/pages\/252"}],"wp:attachment":[{"href":"https:\/\/www.jjkv.se\/index.php?rest_route=%2Fwp%2Fv2%2Fmedia&parent=703"}],"curies":[{"name":"wp","href":"https:\/\/api.w.org\/{rel}","templated":true}]}}