{"id":502,"date":"2015-05-03T19:39:32","date_gmt":"2015-05-03T19:39:32","guid":{"rendered":"http:\/\/www.jjkv.se\/?page_id=502"},"modified":"2019-08-05T07:03:35","modified_gmt":"2019-08-05T07:03:35","slug":"gradering-15-2015","status":"publish","type":"page","link":"https:\/\/www.jjkv.se\/?page_id=502","title":{"rendered":"Gradering 1 maj 2015"},"content":{"rendered":"<h6><a href=\"http:\/\/www.jjkv.se\/wp-content\/uploads\/2015\/05\/DSC_0172.jpg\"><img loading=\"lazy\" class=\"alignleft size-medium wp-image-508\" src=\"http:\/\/www.jjkv.se\/wp-content\/uploads\/2015\/05\/DSC_0172-300x199.jpg\" alt=\"DSC_0172\" width=\"300\" height=\"199\" srcset=\"https:\/\/www.jjkv.se\/wp-content\/uploads\/2015\/05\/DSC_0172-300x199.jpg 300w, https:\/\/www.jjkv.se\/wp-content\/uploads\/2015\/05\/DSC_0172-1024x681.jpg 1024w, https:\/\/www.jjkv.se\/wp-content\/uploads\/2015\/05\/DSC_0172-451x300.jpg 451w\" sizes=\"(max-width: 300px) 100vw, 300px\" \/><\/a>Mikael Collberg och Jocke Lindahl dagens examinatorer.<\/h6>\n<p>&nbsp;<\/p>\n<h6><a href=\"http:\/\/www.jjkv.se\/wp-content\/uploads\/2015\/05\/IMG_1652-e1430682139844.jpg\"><img loading=\"lazy\" class=\"alignleft size-medium wp-image-504\" src=\"http:\/\/www.jjkv.se\/wp-content\/uploads\/2015\/05\/IMG_1652-e1430682139844-225x300.jpg\" alt=\"IMG_1652\" width=\"225\" height=\"300\" srcset=\"https:\/\/www.jjkv.se\/wp-content\/uploads\/2015\/05\/IMG_1652-e1430682139844-225x300.jpg 225w, https:\/\/www.jjkv.se\/wp-content\/uploads\/2015\/05\/IMG_1652-e1430682139844-768x1024.jpg 768w\" sizes=\"(max-width: 225px) 100vw, 225px\" \/><\/a>Fredrik Wahlstr\u00f6m \u00e4r den f\u00f6rsta i Ju-jutsu Kai V\u00e4ster\u00e5s som graderar sig till 4 kyu i Ju-jutsu Kai.<\/h6>\n<p>&nbsp;<\/p>\n<p>&nbsp;<\/p>\n<p>&nbsp;<\/p>\n<h5><a href=\"http:\/\/www.jjkv.se\/wp-content\/uploads\/2015\/05\/DSC_0317.jpg\"><img loading=\"lazy\" class=\"alignleft size-medium wp-image-509\" src=\"http:\/\/www.jjkv.se\/wp-content\/uploads\/2015\/05\/DSC_0317-300x199.jpg\" alt=\"DSC_0317\" width=\"300\" height=\"199\" srcset=\"https:\/\/www.jjkv.se\/wp-content\/uploads\/2015\/05\/DSC_0317-300x199.jpg 300w, https:\/\/www.jjkv.se\/wp-content\/uploads\/2015\/05\/DSC_0317-1024x681.jpg 1024w, https:\/\/www.jjkv.se\/wp-content\/uploads\/2015\/05\/DSC_0317-451x300.jpg 451w\" sizes=\"(max-width: 300px) 100vw, 300px\" \/><\/a><\/h5>\n<p><a href=\"http:\/\/www.jjkv.se\/wp-content\/uploads\/2015\/05\/DSC_0346.jpg\"><img loading=\"lazy\" class=\" size-medium wp-image-510 alignleft\" src=\"http:\/\/www.jjkv.se\/wp-content\/uploads\/2015\/05\/DSC_0346-300x199.jpg\" alt=\"DSC_0346\" width=\"300\" height=\"199\" srcset=\"https:\/\/www.jjkv.se\/wp-content\/uploads\/2015\/05\/DSC_0346-300x199.jpg 300w, https:\/\/www.jjkv.se\/wp-content\/uploads\/2015\/05\/DSC_0346-1024x681.jpg 1024w, https:\/\/www.jjkv.se\/wp-content\/uploads\/2015\/05\/DSC_0346-451x300.jpg 451w\" sizes=\"(max-width: 300px) 100vw, 300px\" \/><\/a> <a href=\"http:\/\/www.jjkv.se\/wp-content\/uploads\/2015\/05\/DSC_0347.jpg\"><img loading=\"lazy\" class=\"alignnone size-medium wp-image-511\" src=\"http:\/\/www.jjkv.se\/wp-content\/uploads\/2015\/05\/DSC_0347-300x199.jpg\" alt=\"DSC_0347\" width=\"300\" height=\"199\" srcset=\"https:\/\/www.jjkv.se\/wp-content\/uploads\/2015\/05\/DSC_0347-300x199.jpg 300w, https:\/\/www.jjkv.se\/wp-content\/uploads\/2015\/05\/DSC_0347-1024x681.jpg 1024w, https:\/\/www.jjkv.se\/wp-content\/uploads\/2015\/05\/DSC_0347-451x300.jpg 451w\" sizes=\"(max-width: 300px) 100vw, 300px\" \/><\/a> <a href=\"http:\/\/www.jjkv.se\/wp-content\/uploads\/2015\/05\/DSC_0353.jpg\"><img loading=\"lazy\" class=\"alignnone size-medium wp-image-512\" src=\"http:\/\/www.jjkv.se\/wp-content\/uploads\/2015\/05\/DSC_0353-300x199.jpg\" alt=\"DSC_0353\" width=\"300\" height=\"199\" srcset=\"https:\/\/www.jjkv.se\/wp-content\/uploads\/2015\/05\/DSC_0353-300x199.jpg 300w, https:\/\/www.jjkv.se\/wp-content\/uploads\/2015\/05\/DSC_0353-1024x681.jpg 1024w, https:\/\/www.jjkv.se\/wp-content\/uploads\/2015\/05\/DSC_0353-451x300.jpg 451w\" sizes=\"(max-width: 300px) 100vw, 300px\" \/><\/a> <a href=\"http:\/\/www.jjkv.se\/wp-content\/uploads\/2015\/05\/DSC_0367.jpg\"><img loading=\"lazy\" class=\"alignnone size-medium wp-image-513\" src=\"http:\/\/www.jjkv.se\/wp-content\/uploads\/2015\/05\/DSC_0367-300x199.jpg\" alt=\"DSC_0367\" width=\"300\" height=\"199\" srcset=\"https:\/\/www.jjkv.se\/wp-content\/uploads\/2015\/05\/DSC_0367-300x199.jpg 300w, https:\/\/www.jjkv.se\/wp-content\/uploads\/2015\/05\/DSC_0367-1024x681.jpg 1024w, https:\/\/www.jjkv.se\/wp-content\/uploads\/2015\/05\/DSC_0367-451x300.jpg 451w\" sizes=\"(max-width: 300px) 100vw, 300px\" \/><\/a><\/p>\n<p>&nbsp;<\/p>\n","protected":false},"excerpt":{"rendered":"<p>Mikael Collberg och Jocke Lindahl dagens examinatorer. &nbsp; Fredrik Wahlstr\u00f6m \u00e4r den f\u00f6rsta i Ju-jutsu Kai V\u00e4ster\u00e5s som graderar sig till 4 kyu i Ju-jutsu Kai. &nbsp; &nbsp; &nbsp; &nbsp;<\/p>\n","protected":false},"author":1,"featured_media":0,"parent":252,"menu_order":0,"comment_status":"closed","ping_status":"closed","template":"","meta":[],"_links":{"self":[{"href":"https:\/\/www.jjkv.se\/index.php?rest_route=\/wp\/v2\/pages\/502"}],"collection":[{"href":"https:\/\/www.jjkv.se\/index.php?rest_route=\/wp\/v2\/pages"}],"about":[{"href":"https:\/\/www.jjkv.se\/index.php?rest_route=\/wp\/v2\/types\/page"}],"author":[{"embeddable":true,"href":"https:\/\/www.jjkv.se\/index.php?rest_route=\/wp\/v2\/users\/1"}],"replies":[{"embeddable":true,"href":"https:\/\/www.jjkv.se\/index.php?rest_route=%2Fwp%2Fv2%2Fcomments&post=502"}],"version-history":[{"count":19,"href":"https:\/\/www.jjkv.se\/index.php?rest_route=\/wp\/v2\/pages\/502\/revisions"}],"predecessor-version":[{"id":1278,"href":"https:\/\/www.jjkv.se\/index.php?rest_route=\/wp\/v2\/pages\/502\/revisions\/1278"}],"up":[{"embeddable":true,"href":"https:\/\/www.jjkv.se\/index.php?rest_route=\/wp\/v2\/pages\/252"}],"wp:attachment":[{"href":"https:\/\/www.jjkv.se\/index.php?rest_route=%2Fwp%2Fv2%2Fmedia&parent=502"}],"curies":[{"name":"wp","href":"https:\/\/api.w.org\/{rel}","templated":true}]}}