{"id":462,"date":"2015-04-22T06:51:42","date_gmt":"2015-04-22T06:51:42","guid":{"rendered":"http:\/\/www.jjkv.se\/?page_id=462"},"modified":"2025-10-20T08:04:28","modified_gmt":"2025-10-20T08:04:28","slug":"nyborjarkurs","status":"publish","type":"page","link":"https:\/\/www.jjkv.se\/?page_id=462","title":{"rendered":"Nyb\u00f6rjartr\u00e4ning HT-2025"},"content":{"rendered":"<p style=\"text-align: center;\"><strong>V\u00e4lkommen till nyb\u00f6rjartr\u00e4ning i Anzen Jutsu!<br \/>\n<\/strong><em>&#8221;Ett effektivt sj\u00e4lvf\u00f6rsvar&#8221;<\/em><\/p>\n<p>Kul att du vill b\u00f6rja tr\u00e4na! Kom ner till klubben och tr\u00e4ffa oss!<\/p>\n<p><strong>Vi tr\u00e4nar i Kl\u00f6vernhallen, Sj\u00f6hagsv\u00e4gen 7.<\/strong><\/p>\n<p>Ni kan komma ner och tr\u00e4na med oss n\u00e4r som helst, detta g\u00e4ller \u00e4ven de som vill testa p\u00e5 Ju-Jutsu Kai f\u00f6r f\u00f6rsta g\u00e5ngen.<br \/>\nVi \u00e4r ett glatt g\u00e4ng som tr\u00e4nar. \ud83d\ude42<\/p>\n<p><strong>N\u00e4r:<\/strong> Vi har nyb\u00f6rjartr\u00e4ning fr\u00e5n och med tisdag den 20 Augusti <strong>19:00-20.00 <\/strong>Om du vill f\u00e5r du sj\u00e4lvklart prova p\u00e5 ett par tr\u00e4ningspass gratis.<br \/>\nNi f\u00e5r g\u00e4rna komma ner och sitta och\u00a0titta f\u00f6rst om ni vill.<\/p>\n<p><strong>Tr\u00e4ningstider:<\/strong>\u00a0nyb\u00f6rjare och avancerade tisdagar 19:00 -20:00<br \/>\ns\u00f6ndagar 17:30-19:00<\/p>\n<p><strong>Var:\u00a0 <\/strong>Kl\u00f6vernhallen, Sj\u00f6hagsv\u00e4gen 7, ( KSA V\u00e4ster\u00e5s)<br \/>\nMan g\u00e5r in p\u00e5 h\u00f6rnet av byggnaden, det finns en gammal stor skylt ovanf\u00f6r ing\u00e5ngen<br \/>\n(Luxus Kaffe). \ud83d\ude42<\/p>\n<p><strong>Termin:<\/strong> HT 2025<\/p>\n<p><strong>Kl\u00e4dsel:\u00a0<\/strong>Man beh\u00f6ver inte ha n\u00e5gon gi (dr\u00e4kt) som nyb\u00f6rjare. Till ditt f\u00f6rsta tr\u00e4ningspass beh\u00f6ver du bara o\u00f6mma tr\u00e4ningskl\u00e4der (till exempel t-shirt och l\u00e5nga tr\u00e4ningsbyxor).<\/p>\n<p><strong>Vilken utrustning beh\u00f6vs?<br \/>\n<\/strong>F\u00f6r att prova p\u00e5 Ju-jutsu\u00a0r\u00e4cker det med mjuka byxor, t-shirt och en vattenflaska. Vi tr\u00e4nar barfota. Vill ni k\u00f6pa dr\u00e4kt s\u00e5 rekommenderar vi att ni k\u00f6per det via oss f\u00f6r att f\u00e5 r\u00e4tt modell och storlek. Priser f\u00f6r dr\u00e4kter varierar fr\u00e5n ca 550-1500:-. Prata med er instrukt\u00f6r om detta.<\/p>\n<p><strong>\u00c5lder:<\/strong> <strong>14 \u00e5r<\/strong> och upp\u00e5t<\/p>\n<h6>F\u00f6r mer information kontakta:<\/h6>\n<h6><strong>Mikael Collberg\u00a0\u00a0\u00a0\u00a0\u00a0\u00a0\u00a0\u00a0\u00a0\u00a0\u00a0\u00a0\u00a0\u00a0\u00a0\u00a0\u00a0\u00a0\u00a0\u00a0\u00a0\u00a0\u00a0\u00a0\u00a0\u00a0\u00a0\u00a0\u00a0\u00a0\u00a0\u00a0\u00a0\u00a0\u00a0<\/strong><br \/>\n<span style=\"display: inline !important; float: none; background-color: #ffffff; color: #333333; cursor: text; font-family: 'Helvetica Neue',Helvetica,Arial,sans-serif; font-size: 15px; font-style: normal; font-variant: normal; font-weight: 300; letter-spacing: normal; orphans: 2; text-align: left; text-decoration: none; text-indent: 0px; text-transform: none; -webkit-text-stroke-width: 0px; white-space: normal; word-spacing: 0px;\">070-297 07 09<\/span><\/h6>\n<p><a href=\"mailto:mikael.collberg@jjkv.se\"><span class=\"username\">mikael.collberg@jjkv.se<\/span><\/a><\/p>\n<p style=\"text-align: left;\"><strong>Svenska Ju-jutsuf\u00f6rbundet\u00a0\u00a0\u00a0\u00a0\u00a0\u00a0\u00a0\u00a0\u00a0\u00a0\u00a0\u00a0\u00a0\u00a0\u00a0\u00a0\u00a0\u00a0\u00a0\u00a0\u00a0\u00a0F\u00f6lj Ju-jutsu Kai V\u00e4ster\u00e5s\u00a0p\u00e5 Facebook\u00a0\u00a0<\/strong><\/p>\n<p style=\"text-align: left;\"><a title=\"Svenska Ju-Jutsuf\u00f6rbundet\" href=\"http:\/\/www.ju-jutsu.se\" target=\"_blank\" rel=\"noopener noreferrer\"><span style=\"text-decoration: underline;\"><span style=\"color: #0066cc;\">http:\/\/www.jujutsu.se<\/span><\/span><\/a>\u00a0\u00a0\u00a0\u00a0\u00a0\u00a0\u00a0\u00a0\u00a0\u00a0\u00a0\u00a0\u00a0\u00a0\u00a0\u00a0\u00a0\u00a0\u00a0\u00a0\u00a0\u00a0\u00a0\u00a0\u00a0\u00a0\u00a0\u00a0\u00a0\u00a0\u00a0\u00a0\u00a0\u00a0\u00a0 \u00a0<a title=\"Ju-Jutsu Kai V\u00e4ster\u00e5s\" href=\"https:\/\/www.facebook.com\/#!\/pages\/Ju-jutsu-Kai-V%C3%A4ster%C3%A5s\/919871588031652?fref=ts\" target=\"_blank\" rel=\"noopener noreferrer\"><span style=\"color: #0066cc;\"><span style=\"text-decoration: underline;\">https:\/\/www.fa<\/span><\/span><\/a><a title=\"Ju-Jutsu Kai V\u00e4ster\u00e5s\" href=\"https:\/\/www.facebook.com\/#!\/pages\/Ju-jutsu-Kai-V%C3%A4ster%C3%A5s\/919871588031652?fref=ts\" target=\"_blank\" rel=\"noopener noreferrer\"><span style=\"text-decoration: underline;\"><span style=\"color: #0066cc;\">cebook.com<\/span><\/span><\/a><\/p>\n<p>\u00a0<a href=\"http:\/\/www.jjkv.se\/wp-content\/uploads\/2015\/01\/Ju-Jutsu.png\"><img loading=\"lazy\" class=\"alignnone wp-image-249\" src=\"http:\/\/www.jjkv.se\/wp-content\/uploads\/2015\/01\/Ju-Jutsu.png\" alt=\"Ju-Jutsu\" width=\"93\" height=\"147\" \/><\/a>\u00a0\u00a0\u00a0\u00a0\u00a0\u00a0\u00a0\u00a0\u00a0\u00a0\u00a0\u00a0\u00a0\u00a0\u00a0\u00a0\u00a0\u00a0\u00a0\u00a0\u00a0\u00a0\u00a0\u00a0\u00a0\u00a0\u00a0\u00a0\u00a0\u00a0\u00a0\u00a0\u00a0\u00a0\u00a0\u00a0\u00a0\u00a0\u00a0\u00a0\u00a0\u00a0\u00a0\u00a0\u00a0\u00a0\u00a0\u00a0<a href=\"http:\/\/www.jjkv.se\/wp-content\/uploads\/2015\/04\/FB-JJKV.jpg\" rel=\"attachment wp-att-897\"><img loading=\"lazy\" class=\"alignnone wp-image-897 \" src=\"http:\/\/www.jjkv.se\/wp-content\/uploads\/2015\/04\/FB-JJKV-150x150.jpg\" alt=\"FB JJKV\" width=\"104\" height=\"104\" srcset=\"https:\/\/www.jjkv.se\/wp-content\/uploads\/2015\/04\/FB-JJKV-150x150.jpg 150w, https:\/\/www.jjkv.se\/wp-content\/uploads\/2015\/04\/FB-JJKV.jpg 160w\" sizes=\"(max-width: 104px) 100vw, 104px\" \/><\/a><\/p>\n<p><a href=\"http:\/\/www.jjkv.se\/wp-content\/uploads\/2015\/04\/Jutsu-emblemet.png\">\u00a0<\/a><\/p>\n<h6><\/h6>\n<h4><\/h4>\n","protected":false},"excerpt":{"rendered":"<p>V\u00e4lkommen till nyb\u00f6rjartr\u00e4ning i Anzen Jutsu! &#8221;Ett effektivt sj\u00e4lvf\u00f6rsvar&#8221; Kul att du vill b\u00f6rja tr\u00e4na! Kom ner till klubben och tr\u00e4ffa oss! Vi tr\u00e4nar i Kl\u00f6vernhallen, Sj\u00f6hagsv\u00e4gen 7. Ni kan komma ner och tr\u00e4na med oss n\u00e4r som helst, detta &hellip; <a href=\"https:\/\/www.jjkv.se\/?page_id=462\">L\u00e4s mer <span class=\"meta-nav\">&rarr;<\/span><\/a><\/p>\n","protected":false},"author":1,"featured_media":0,"parent":0,"menu_order":0,"comment_status":"closed","ping_status":"closed","template":"","meta":[],"_links":{"self":[{"href":"https:\/\/www.jjkv.se\/index.php?rest_route=\/wp\/v2\/pages\/462"}],"collection":[{"href":"https:\/\/www.jjkv.se\/index.php?rest_route=\/wp\/v2\/pages"}],"about":[{"href":"https:\/\/www.jjkv.se\/index.php?rest_route=\/wp\/v2\/types\/page"}],"author":[{"embeddable":true,"href":"https:\/\/www.jjkv.se\/index.php?rest_route=\/wp\/v2\/users\/1"}],"replies":[{"embeddable":true,"href":"https:\/\/www.jjkv.se\/index.php?rest_route=%2Fwp%2Fv2%2Fcomments&post=462"}],"version-history":[{"count":122,"href":"https:\/\/www.jjkv.se\/index.php?rest_route=\/wp\/v2\/pages\/462\/revisions"}],"predecessor-version":[{"id":1451,"href":"https:\/\/www.jjkv.se\/index.php?rest_route=\/wp\/v2\/pages\/462\/revisions\/1451"}],"wp:attachment":[{"href":"https:\/\/www.jjkv.se\/index.php?rest_route=%2Fwp%2Fv2%2Fmedia&parent=462"}],"curies":[{"name":"wp","href":"https:\/\/api.w.org\/{rel}","templated":true}]}}