{"id":437,"date":"2015-04-14T08:51:13","date_gmt":"2015-04-14T08:51:13","guid":{"rendered":"http:\/\/www.jjkv.se\/?page_id=437"},"modified":"2015-05-08T10:22:02","modified_gmt":"2015-05-08T10:22:02","slug":"proportionalitetsprincipen","status":"publish","type":"page","link":"https:\/\/www.jjkv.se\/?page_id=437","title":{"rendered":"Proportionalitetsprincipen"},"content":{"rendered":"<p><span style=\"color: #333333; font-family: 'Helvetica','sans-serif'; font-size: 11.5pt;\">Proportionalitetsprincipen inneb\u00e4r att angrepp och f\u00f6rsvar m\u00e5ste st\u00e5 i rimlig proportion till varandra. Ju mer v\u00e5ld som anv\u00e4nds i angreppet desto mer v\u00e5ld kan kr\u00e4vas f\u00f6r att klara ett f\u00f6rsvar. Du har inte r\u00e4tt till n\u00f6dv\u00e4rn l\u00e4ngre \u00e4n angreppet p\u00e5g\u00e5r. D\u00e5 angreppet upph\u00f6r, upph\u00f6r \u00e4ven r\u00e4tten till n\u00f6dv\u00e4rn. Du b\u00f6r utg\u00e5 fr\u00e5n att anv\u00e4nda s\u00e5 lite v\u00e5ld som m\u00f6jligt och \u00e4nd\u00e5 uppn\u00e5 m\u00e5let att avv\u00e4rja angreppet<\/span><\/p>\n<p>&nbsp;<\/p>\n","protected":false},"excerpt":{"rendered":"<p>Proportionalitetsprincipen inneb\u00e4r att angrepp och f\u00f6rsvar m\u00e5ste st\u00e5 i rimlig proportion till varandra. Ju mer v\u00e5ld som anv\u00e4nds i angreppet desto mer v\u00e5ld kan kr\u00e4vas f\u00f6r att klara ett f\u00f6rsvar. Du har inte r\u00e4tt till n\u00f6dv\u00e4rn l\u00e4ngre \u00e4n angreppet p\u00e5g\u00e5r. &hellip; <a href=\"https:\/\/www.jjkv.se\/?page_id=437\">L\u00e4s mer <span class=\"meta-nav\">&rarr;<\/span><\/a><\/p>\n","protected":false},"author":1,"featured_media":0,"parent":430,"menu_order":3,"comment_status":"closed","ping_status":"closed","template":"","meta":[],"_links":{"self":[{"href":"https:\/\/www.jjkv.se\/index.php?rest_route=\/wp\/v2\/pages\/437"}],"collection":[{"href":"https:\/\/www.jjkv.se\/index.php?rest_route=\/wp\/v2\/pages"}],"about":[{"href":"https:\/\/www.jjkv.se\/index.php?rest_route=\/wp\/v2\/types\/page"}],"author":[{"embeddable":true,"href":"https:\/\/www.jjkv.se\/index.php?rest_route=\/wp\/v2\/users\/1"}],"replies":[{"embeddable":true,"href":"https:\/\/www.jjkv.se\/index.php?rest_route=%2Fwp%2Fv2%2Fcomments&post=437"}],"version-history":[{"count":3,"href":"https:\/\/www.jjkv.se\/index.php?rest_route=\/wp\/v2\/pages\/437\/revisions"}],"predecessor-version":[{"id":556,"href":"https:\/\/www.jjkv.se\/index.php?rest_route=\/wp\/v2\/pages\/437\/revisions\/556"}],"up":[{"embeddable":true,"href":"https:\/\/www.jjkv.se\/index.php?rest_route=\/wp\/v2\/pages\/430"}],"wp:attachment":[{"href":"https:\/\/www.jjkv.se\/index.php?rest_route=%2Fwp%2Fv2%2Fmedia&parent=437"}],"curies":[{"name":"wp","href":"https:\/\/api.w.org\/{rel}","templated":true}]}}