{"id":435,"date":"2015-04-14T08:50:48","date_gmt":"2015-04-14T08:50:48","guid":{"rendered":"http:\/\/www.jjkv.se\/?page_id=435"},"modified":"2015-05-08T10:18:31","modified_gmt":"2015-05-08T10:18:31","slug":"forklaring-till-lagtexten","status":"publish","type":"page","link":"https:\/\/www.jjkv.se\/?page_id=435","title":{"rendered":"F\u00f6rklaring till lagtexten"},"content":{"rendered":"<p style=\"text-align: left;\"><strong>P\u00e5b\u00f6rjat<\/strong> inneb\u00e4r att angreppet p\u00e5g\u00e5r, slaget, sparken eller tillhygget \u00e4r p\u00e5 v\u00e4g mot m\u00e5let, handen \u00e4r p\u00e5 v\u00e4g att gripa eller har redan gripit tag. Det \u00e4r \u00e4ven p\u00e5b\u00f6rjat n\u00e4r angriparen klart \u00e4r p\u00e5 v\u00e4g mot offret.<\/p>\n<p><strong>\u00d6verh\u00e4ngande<\/strong> inneb\u00e4r att angreppet inte har p\u00e5b\u00f6rjats men det \u00e4r mycket n\u00e4rst\u00e5ende i b\u00e5de tid och rum. T.ex. angriparen hotar att angripa och \u00e4r s\u00e5 n\u00e4ra att han har m\u00f6jlighet att s\u00e4tta hotet i verket. Det m\u00e5ste \u00e4ven uppfattas som troligt att angriparen menar allvar med hotet.<\/p>\n<p><strong>Brottsligt angrepp<\/strong> inneb\u00e4r att det finns ett upps\u00e5t och att f\u00e4ngelse kan f\u00f6lja p\u00e5 g\u00e4rningen. En ofrivillig &#8221;knuff&#8221; utan upps\u00e5t f\u00f6ranleder ej r\u00e4tt till n\u00f6dv\u00e4rn.<\/p>\n<p><strong>Person<\/strong> inneb\u00e4r vilken person som helst. Det kan vara du sj\u00e4lv eller annan person. Om n\u00e5gon blir angripen och har r\u00e4tt till n\u00f6dv\u00e4rn, har var och en som kommer till hj\u00e4lp samma n\u00f6dv\u00e4rnsr\u00e4tt.<\/p>\n<p><strong>Egendom<\/strong> inneb\u00e4r all egendom oavsett vem som \u00e4ger egendomen. Du kan dock inte hindra n\u00e5gon att angripa sin egen egendom med st\u00f6d av n\u00f6dv\u00e4rn.<\/p>\n<p><strong>Bar g\u00e4rning<\/strong> inneb\u00e4r att Du m\u00e5ste se tillgreppet. N\u00f6dv\u00e4rn g\u00e4ller bara i direkt anslutning i tid till bar g\u00e4rning.<\/p>\n<p><strong>Rum, hus, g\u00e5rd eller fartyg<\/strong> anses som en fullst\u00e4ndig uppr\u00e4kning av samtliga utrymmen och platser, t.ex. bil, t\u00e4lt, husvagn. G\u00e5rd beh\u00f6ver ej vara inh\u00e4gnad.<\/p>\n<p><strong>F\u00f6rs\u00f6ker tr\u00e4nga in i hus&#8230;<\/strong> inneb\u00e4r att Du har r\u00e4tt att stoppa n\u00e5gon som vill in p\u00e5 omr\u00e5det eller i lokalen om Du vet att personen inte f\u00e5r vistas d\u00e4r av n\u00e5gon orsak.<\/p>\n<p><strong>Den som olovligen tr\u00e4ngt in i&#8230;<\/strong> inneb\u00e4r att Du f\u00e5r avl\u00e4gsna (avhysa) den som olovligen har tagit sig in p\u00e5 omr\u00e5det eller i lokalen.<\/p>\n<p><strong>Bostad<\/strong> inneb\u00e4r att Du bor, sover eller vistas p\u00e5 denna plats. Det kan vara ett eller flera rum, ett t\u00e4lt, husvagn eller annan plats d\u00e4r Du tillf\u00e4lligt bor. Man m\u00e5ste bo lagligt. Det beh\u00f6vs inte ett hyreskontrakt f\u00f6r att det skall r\u00e4knas som bostad. D\u00e5 det g\u00e4ller bostad har Du r\u00e4tt att avl\u00e4gsna en person oavsett om denne \u00e4r d\u00e4r lovligen eller olovligen om personen v\u00e4grar att g\u00e5 n\u00e4r Du s\u00e4ger till. Angreppets beskaffenhet inneb\u00e4r det s\u00e4tt som angreppet utf\u00f6rs p\u00e5 och hur kraftigt det \u00e4r och om det \u00e4r med tillhyggen eller vapen.<\/p>\n<p>Det angripnas betydelse inneb\u00e4r hur betydelsefullt (v\u00e4rdefullt) det angripna \u00e4r. \u00c4r det en m\u00e4nniska finns det givetvis ingen begr\u00e4nsning av hur betydelsefull den \u00e4r. N\u00e4r det g\u00e4ller egendom, materiella ting, f\u00e5r Du anv\u00e4nda betydligt mindre v\u00e5ld i n\u00f6dv\u00e4rn \u00e4n n\u00e4r det g\u00e4ller f\u00f6rsvar av en eller flera m\u00e4nniskor.<\/p>\n","protected":false},"excerpt":{"rendered":"<p>P\u00e5b\u00f6rjat inneb\u00e4r att angreppet p\u00e5g\u00e5r, slaget, sparken eller tillhygget \u00e4r p\u00e5 v\u00e4g mot m\u00e5let, handen \u00e4r p\u00e5 v\u00e4g att gripa eller har redan gripit tag. Det \u00e4r \u00e4ven p\u00e5b\u00f6rjat n\u00e4r angriparen klart \u00e4r p\u00e5 v\u00e4g mot offret. \u00d6verh\u00e4ngande inneb\u00e4r att &hellip; <a href=\"https:\/\/www.jjkv.se\/?page_id=435\">L\u00e4s mer <span class=\"meta-nav\">&rarr;<\/span><\/a><\/p>\n","protected":false},"author":1,"featured_media":0,"parent":430,"menu_order":2,"comment_status":"closed","ping_status":"closed","template":"","meta":[],"_links":{"self":[{"href":"https:\/\/www.jjkv.se\/index.php?rest_route=\/wp\/v2\/pages\/435"}],"collection":[{"href":"https:\/\/www.jjkv.se\/index.php?rest_route=\/wp\/v2\/pages"}],"about":[{"href":"https:\/\/www.jjkv.se\/index.php?rest_route=\/wp\/v2\/types\/page"}],"author":[{"embeddable":true,"href":"https:\/\/www.jjkv.se\/index.php?rest_route=\/wp\/v2\/users\/1"}],"replies":[{"embeddable":true,"href":"https:\/\/www.jjkv.se\/index.php?rest_route=%2Fwp%2Fv2%2Fcomments&post=435"}],"version-history":[{"count":3,"href":"https:\/\/www.jjkv.se\/index.php?rest_route=\/wp\/v2\/pages\/435\/revisions"}],"predecessor-version":[{"id":440,"href":"https:\/\/www.jjkv.se\/index.php?rest_route=\/wp\/v2\/pages\/435\/revisions\/440"}],"up":[{"embeddable":true,"href":"https:\/\/www.jjkv.se\/index.php?rest_route=\/wp\/v2\/pages\/430"}],"wp:attachment":[{"href":"https:\/\/www.jjkv.se\/index.php?rest_route=%2Fwp%2Fv2%2Fmedia&parent=435"}],"curies":[{"name":"wp","href":"https:\/\/api.w.org\/{rel}","templated":true}]}}