{"id":432,"date":"2015-05-08T09:29:13","date_gmt":"2015-05-08T09:29:13","guid":{"rendered":"http:\/\/www.jjkv.se\/?page_id=432"},"modified":"2015-05-08T10:18:22","modified_gmt":"2015-05-08T10:18:22","slug":"nodvarn","status":"publish","type":"page","link":"https:\/\/www.jjkv.se\/?page_id=432","title":{"rendered":"N\u00f6dv\u00e4rn"},"content":{"rendered":"<p><strong>1.\u00a0<\/strong><strong>N\u00f6dv\u00e4rn <\/strong><\/p>\n<p>Det vi i dagligt tal kallar sj\u00e4lvf\u00f6rsvar kallas i lagtexten &#8221;n\u00f6dv\u00e4rn&#8221;. N\u00f6dv\u00e4rn behandlas i Brottsbalkens 24 kapitel \u00a71.<\/p>\n<p>En g\u00e4rning som n\u00e5gon beg\u00e5r i n\u00f6dv\u00e4rn utg\u00f6r brott endast om den med h\u00e4nsyn till angreppets beskaffenhet, det angripnas betydelse och omst\u00e4ndigheterna i \u00f6vrigt \u00e4r uppenbart of\u00f6rsvarlig.<\/p>\n<p><strong><strong>2.<\/strong>\u00a0\u00a0<\/strong><strong>R\u00e4tt till n\u00f6dv\u00e4rn f\u00f6religger mot <\/strong><\/p>\n<ol>\n<li>Ett p\u00e5b\u00f6rjat eller \u00f6verh\u00e4ngande brottsligt angrepp p\u00e5 person eller egendom,<\/li>\n<li>den som med v\u00e5ld eller hot om v\u00e5ld eller p\u00e5 annat s\u00e4tt hindrar att egendom \u00e5tertages p\u00e5 bar g\u00e4rning,<\/li>\n<li>den som olovligen tr\u00e4ngt in i eller f\u00f6rs\u00f6ker tr\u00e4nga in i rum, hus, g\u00e5rd eller fartyg, eller<\/li>\n<li>den som v\u00e4grar att l\u00e4mna en bostad efter tills\u00e4gelse.<\/li>\n<\/ol>\n<p>Det kan ibland vara sv\u00e5rt att f\u00f6rst\u00e5 inneb\u00f6rden i en lagtext. Man kan enklare uttrycka r\u00e4tten till n\u00f6dv\u00e4rn p\u00e5 f\u00f6ljande s\u00e4tt:<\/p>\n<p><strong><strong>3.<\/strong>\u00a0<\/strong><strong>Tre villkor f\u00f6r n\u00f6dv\u00e4rnsr\u00e4tt <\/strong><\/p>\n<ol>\n<li>Det skall f\u00f6religga ett angrepp<\/li>\n<li>Det skall vara aktuellt<\/li>\n<li>F\u00f6rsvaret skall vara n\u00f6dv\u00e4ndigt<\/li>\n<\/ol>\n<p>Alla tre villkoren m\u00e5ste vara uppfyllda f\u00f6r att r\u00e4tt till n\u00f6dv\u00e4rn skall f\u00f6religga.<\/p>\n<p>&nbsp;<\/p>\n","protected":false},"excerpt":{"rendered":"<p>1.\u00a0N\u00f6dv\u00e4rn Det vi i dagligt tal kallar sj\u00e4lvf\u00f6rsvar kallas i lagtexten &#8221;n\u00f6dv\u00e4rn&#8221;. N\u00f6dv\u00e4rn behandlas i Brottsbalkens 24 kapitel \u00a71. En g\u00e4rning som n\u00e5gon beg\u00e5r i n\u00f6dv\u00e4rn utg\u00f6r brott endast om den med h\u00e4nsyn till angreppets beskaffenhet, det angripnas betydelse och &hellip; <a href=\"https:\/\/www.jjkv.se\/?page_id=432\">L\u00e4s mer <span class=\"meta-nav\">&rarr;<\/span><\/a><\/p>\n","protected":false},"author":1,"featured_media":0,"parent":430,"menu_order":1,"comment_status":"closed","ping_status":"closed","template":"","meta":[],"_links":{"self":[{"href":"https:\/\/www.jjkv.se\/index.php?rest_route=\/wp\/v2\/pages\/432"}],"collection":[{"href":"https:\/\/www.jjkv.se\/index.php?rest_route=\/wp\/v2\/pages"}],"about":[{"href":"https:\/\/www.jjkv.se\/index.php?rest_route=\/wp\/v2\/types\/page"}],"author":[{"embeddable":true,"href":"https:\/\/www.jjkv.se\/index.php?rest_route=\/wp\/v2\/users\/1"}],"replies":[{"embeddable":true,"href":"https:\/\/www.jjkv.se\/index.php?rest_route=%2Fwp%2Fv2%2Fcomments&post=432"}],"version-history":[{"count":4,"href":"https:\/\/www.jjkv.se\/index.php?rest_route=\/wp\/v2\/pages\/432\/revisions"}],"predecessor-version":[{"id":443,"href":"https:\/\/www.jjkv.se\/index.php?rest_route=\/wp\/v2\/pages\/432\/revisions\/443"}],"up":[{"embeddable":true,"href":"https:\/\/www.jjkv.se\/index.php?rest_route=\/wp\/v2\/pages\/430"}],"wp:attachment":[{"href":"https:\/\/www.jjkv.se\/index.php?rest_route=%2Fwp%2Fv2%2Fmedia&parent=432"}],"curies":[{"name":"wp","href":"https:\/\/api.w.org\/{rel}","templated":true}]}}