{"id":298,"date":"2015-03-02T07:17:42","date_gmt":"2015-03-02T07:17:42","guid":{"rendered":"http:\/\/www.jjkv.se\/?page_id=298"},"modified":"2024-01-07T12:56:56","modified_gmt":"2024-01-07T12:56:56","slug":"instruktorer","status":"publish","type":"page","link":"https:\/\/www.jjkv.se\/?page_id=298","title":{"rendered":"Instrukt\u00f6rer"},"content":{"rendered":"<p><strong>Mikael Collberg\u00a0<\/strong>1:a dan svartb\u00e4lte i Ju-Jutsu Kai och 2:a dan svartb\u00e4lte i Taekwondo<em><br \/><\/em>Licensierad instrukt\u00f6r A,B,C,D,E licens<br \/>Licensierad instrukt\u00f6r\u00a0i Personligt skydd<\/p>\n<p>Mikael har tr\u00e4nat Ju-Jutsu Kai i 22 \u00e5r och Taekwondo i 10\u00e5r har \u00e4ven tr\u00e4nat annan kampsport (Judo).<\/p>\n<p style=\"text-align: justify;\">\u00a0<\/p>\n\n\n<p><\/p>\n","protected":false},"excerpt":{"rendered":"<p>Mikael Collberg\u00a01:a dan svartb\u00e4lte i Ju-Jutsu Kai och 2:a dan svartb\u00e4lte i TaekwondoLicensierad instrukt\u00f6r A,B,C,D,E licensLicensierad instrukt\u00f6r\u00a0i Personligt skydd Mikael har tr\u00e4nat Ju-Jutsu Kai i 22 \u00e5r och Taekwondo i 10\u00e5r har \u00e4ven tr\u00e4nat annan kampsport (Judo). \u00a0<\/p>\n","protected":false},"author":1,"featured_media":0,"parent":215,"menu_order":3,"comment_status":"closed","ping_status":"closed","template":"","meta":[],"_links":{"self":[{"href":"https:\/\/www.jjkv.se\/index.php?rest_route=\/wp\/v2\/pages\/298"}],"collection":[{"href":"https:\/\/www.jjkv.se\/index.php?rest_route=\/wp\/v2\/pages"}],"about":[{"href":"https:\/\/www.jjkv.se\/index.php?rest_route=\/wp\/v2\/types\/page"}],"author":[{"embeddable":true,"href":"https:\/\/www.jjkv.se\/index.php?rest_route=\/wp\/v2\/users\/1"}],"replies":[{"embeddable":true,"href":"https:\/\/www.jjkv.se\/index.php?rest_route=%2Fwp%2Fv2%2Fcomments&post=298"}],"version-history":[{"count":40,"href":"https:\/\/www.jjkv.se\/index.php?rest_route=\/wp\/v2\/pages\/298\/revisions"}],"predecessor-version":[{"id":1431,"href":"https:\/\/www.jjkv.se\/index.php?rest_route=\/wp\/v2\/pages\/298\/revisions\/1431"}],"up":[{"embeddable":true,"href":"https:\/\/www.jjkv.se\/index.php?rest_route=\/wp\/v2\/pages\/215"}],"wp:attachment":[{"href":"https:\/\/www.jjkv.se\/index.php?rest_route=%2Fwp%2Fv2%2Fmedia&parent=298"}],"curies":[{"name":"wp","href":"https:\/\/api.w.org\/{rel}","templated":true}]}}