{"id":257,"date":"2015-02-05T08:14:17","date_gmt":"2015-02-05T08:14:17","guid":{"rendered":"http:\/\/www.jjkv.se\/?page_id=257"},"modified":"2022-07-24T17:39:55","modified_gmt":"2022-07-24T17:39:55","slug":"personligt-skydd","status":"publish","type":"page","link":"https:\/\/www.jjkv.se\/?page_id=257","title":{"rendered":"Civilf\u00f6rsvarsutbildning f\u00f6r medborgaren"},"content":{"rendered":"<h1 style=\"text-align: left;\"><em>Sj\u00e4lvf\u00f6rsvarsutbildning f\u00f6r alla.\u00a0 <\/em><\/h1>\n<h3 style=\"text-align: left;\"><em>\u00a0( Personligt skydd f\u00f6r din s\u00e4kerhet )<\/em><\/h3>\n<p>Halvdagskurs i personligt skydd teori och praktik.<\/p>\n<p>Ett datum \u00e4r inplanerade f\u00f6r kursen: \u00c5terkommer med datum<\/p>\n<p>Varmt v\u00e4lkommen med din bokning!<\/p>\n<p>Kostnad: \u00c5terkommer<br \/>F\u00f6r att man ska kunna genomf\u00f6ra kursen s\u00e5 kr\u00e4vs minst 8 deltagare.<br \/>H\u00f6r av er till mig f\u00f6r att f\u00e5 mer information.<\/p>\n<p><strong>Mikael Collberg<\/strong> 070- 297 07 09 <strong>el<\/strong><br \/><a href=\"mailto:mikael.collberg@jjkv.se\"><span class=\"username\">mikael.collberg@jjkv.se<\/span><\/a><\/p>\n<p><em>&#8221; L\u00e4r dig att hantera riskfyllda situationer och \u00f6ka din trygghet samt hantera vardags r\u00e4dslan!&#8221;<\/em><\/p>\n<ul>\n<li>\n<h4>F\u00f6rebyggande sj\u00e4lvskydd<\/h4>\n<\/li>\n<li>\n<h4>S\u00e4kerhetst\u00e4nkande<\/h4>\n<\/li>\n<li>\n<h4>Mental f\u00f6rberedelse<\/h4>\n<\/li>\n<li>\n<h4>Sj\u00e4lvf\u00f6rsvarstekniker<\/h4>\n<\/li>\n<li>\n<h4>Lagen om sj\u00e4lvskydd<\/h4>\n<\/li>\n<\/ul>\n<h4>Att g\u00e5 genom d\u00e5ligt upplysta omr\u00e5den, arbeta ensam i en lokal eller m\u00f6ta aggressiva m\u00e4nniskor \u00e4r exempel p\u00e5 situationer n\u00e4r du kan k\u00e4nna dig otrygg, r\u00e4dd eller rent av hotad. De situationerna \u00e4r l\u00e4ttare att hantera eller f\u00f6rebygga om du \u00e4r v\u00e4l f\u00f6rberedd. F\u00f6rberedelsen kan vara mental &#8211; att du har t\u00e4nkt igenom hur du kan agera &#8211; eller praktisk &#8211; hur du kan f\u00f6rsvara dig.<\/h4>\n<p><span style=\"text-decoration: underline;\"><strong>Kursuppl\u00e4gg<\/strong><\/span><\/p>\n<ul>\n<li>Kursen ger grundl\u00e4ggande kunskaper i s\u00e4kerhetst\u00e4nkande, sj\u00e4lvskydd och sj\u00e4lvf\u00f6rsvar.<\/li>\n<li>Kursen omfattas av 3-4timmars utbildning i teori och praktik.<\/li>\n<li><a href=\"http:\/\/www.jjkv.se\/wp-content\/uploads\/2015\/07\/Psykologi-JuJutsu.jpg\"><img loading=\"lazy\" class=\"alignnone wp-image-666\" src=\"http:\/\/www.jjkv.se\/wp-content\/uploads\/2015\/07\/Psykologi-JuJutsu.jpg\" alt=\"Psykologi JuJutsu\" width=\"132\" height=\"180\" \/><img loading=\"lazy\" class=\"wp-image-665 alignnone\" src=\"http:\/\/www.jjkv.se\/wp-content\/uploads\/2015\/07\/PersonligtSkydd.jpg\" alt=\"PersonligtSkydd\" width=\"142\" height=\"197\" \/><\/a><\/li>\n<\/ul>\n<p>Kompendiet Personligt skydd ing\u00e5r till varje kursdeltagare.<br \/>V\u00e5ldets psykologi kan man best\u00e4lla innan kurs start.<\/p>\n<p><strong>Betalning<br \/><\/strong>Betalning sker via Handelsbanken Bankgiro\u00a0 6531 5055 &#8211; 3247<br \/>Ange namn, personnummer \u00a0(exempel: Anders Andersson 19840101).<\/p>\n<p>H\u00f6r av er till mig f\u00f6r att f\u00e5 mer information.<br \/>Mikael Collberg <span style=\"display: inline !important; float: none; background-color: #ffffff; color: #333333; cursor: text; font-family: 'Helvetica Neue',Helvetica,Arial,sans-serif; font-size: 15px; font-style: normal; font-variant: normal; font-weight: 300; letter-spacing: normal; orphans: 2; text-align: left; text-decoration: none; text-indent: 0px; text-transform: none; -webkit-text-stroke-width: 0px; white-space: normal; word-spacing: 0px;\">070- 297 07 09<\/span>\u00a0<strong>el<\/strong> mikael.collberg@jjkv.se<\/p>\n\n\n<p><\/p>\n","protected":false},"excerpt":{"rendered":"<p>Sj\u00e4lvf\u00f6rsvarsutbildning f\u00f6r alla.\u00a0 \u00a0( Personligt skydd f\u00f6r din s\u00e4kerhet ) Halvdagskurs i personligt skydd teori och praktik. Ett datum \u00e4r inplanerade f\u00f6r kursen: \u00c5terkommer med datum Varmt v\u00e4lkommen med din bokning! Kostnad: \u00c5terkommerF\u00f6r att man ska kunna genomf\u00f6ra kursen s\u00e5 &hellip; <a href=\"https:\/\/www.jjkv.se\/?page_id=257\">L\u00e4s mer <span class=\"meta-nav\">&rarr;<\/span><\/a><\/p>\n","protected":false},"author":1,"featured_media":0,"parent":762,"menu_order":0,"comment_status":"closed","ping_status":"closed","template":"sidebar-page.php","meta":[],"_links":{"self":[{"href":"https:\/\/www.jjkv.se\/index.php?rest_route=\/wp\/v2\/pages\/257"}],"collection":[{"href":"https:\/\/www.jjkv.se\/index.php?rest_route=\/wp\/v2\/pages"}],"about":[{"href":"https:\/\/www.jjkv.se\/index.php?rest_route=\/wp\/v2\/types\/page"}],"author":[{"embeddable":true,"href":"https:\/\/www.jjkv.se\/index.php?rest_route=\/wp\/v2\/users\/1"}],"replies":[{"embeddable":true,"href":"https:\/\/www.jjkv.se\/index.php?rest_route=%2Fwp%2Fv2%2Fcomments&post=257"}],"version-history":[{"count":85,"href":"https:\/\/www.jjkv.se\/index.php?rest_route=\/wp\/v2\/pages\/257\/revisions"}],"predecessor-version":[{"id":1380,"href":"https:\/\/www.jjkv.se\/index.php?rest_route=\/wp\/v2\/pages\/257\/revisions\/1380"}],"up":[{"embeddable":true,"href":"https:\/\/www.jjkv.se\/index.php?rest_route=\/wp\/v2\/pages\/762"}],"wp:attachment":[{"href":"https:\/\/www.jjkv.se\/index.php?rest_route=%2Fwp%2Fv2%2Fmedia&parent=257"}],"curies":[{"name":"wp","href":"https:\/\/api.w.org\/{rel}","templated":true}]}}