{"id":252,"date":"2015-02-04T07:24:07","date_gmt":"2015-02-04T07:24:07","guid":{"rendered":"http:\/\/www.jjkv.se\/?page_id=252"},"modified":"2019-01-02T14:14:11","modified_gmt":"2019-01-02T14:14:11","slug":"bilder","status":"publish","type":"page","link":"https:\/\/www.jjkv.se\/?page_id=252","title":{"rendered":"Bilder"},"content":{"rendered":"<p style=\"text-align: justify;\"><a href=\"http:\/\/www.jjkv.se\/wp-content\/uploads\/2015\/02\/1Dan-Colllberg.jpg\" rel=\"attachment wp-att-1039\"><img loading=\"lazy\" class=\"alignnone  wp-image-1039\" src=\"http:\/\/www.jjkv.se\/wp-content\/uploads\/2015\/02\/1Dan-Colllberg.jpg\" alt=\"1dan-colllberg\" width=\"192\" height=\"140\" \/><\/a><a href=\"http:\/\/www.jjkv.se\/wp-content\/uploads\/2015\/03\/Jutsu-m\u00e4rket-f\u00f6r-V\u00e4ster\u00e5s-e1426155020649.png\">\u00a0<\/a><\/p>\n","protected":false},"excerpt":{"rendered":"<p>\u00a0<\/p>\n","protected":false},"author":1,"featured_media":0,"parent":215,"menu_order":6,"comment_status":"closed","ping_status":"closed","template":"sidebar-page.php","meta":[],"_links":{"self":[{"href":"https:\/\/www.jjkv.se\/index.php?rest_route=\/wp\/v2\/pages\/252"}],"collection":[{"href":"https:\/\/www.jjkv.se\/index.php?rest_route=\/wp\/v2\/pages"}],"about":[{"href":"https:\/\/www.jjkv.se\/index.php?rest_route=\/wp\/v2\/types\/page"}],"author":[{"embeddable":true,"href":"https:\/\/www.jjkv.se\/index.php?rest_route=\/wp\/v2\/users\/1"}],"replies":[{"embeddable":true,"href":"https:\/\/www.jjkv.se\/index.php?rest_route=%2Fwp%2Fv2%2Fcomments&post=252"}],"version-history":[{"count":7,"href":"https:\/\/www.jjkv.se\/index.php?rest_route=\/wp\/v2\/pages\/252\/revisions"}],"predecessor-version":[{"id":1040,"href":"https:\/\/www.jjkv.se\/index.php?rest_route=\/wp\/v2\/pages\/252\/revisions\/1040"}],"up":[{"embeddable":true,"href":"https:\/\/www.jjkv.se\/index.php?rest_route=\/wp\/v2\/pages\/215"}],"wp:attachment":[{"href":"https:\/\/www.jjkv.se\/index.php?rest_route=%2Fwp%2Fv2%2Fmedia&parent=252"}],"curies":[{"name":"wp","href":"https:\/\/api.w.org\/{rel}","templated":true}]}}