{"id":152,"date":"2015-01-26T21:41:12","date_gmt":"2015-01-26T21:41:12","guid":{"rendered":"http:\/\/www.jjkv.se\/?page_id=152"},"modified":"2024-01-07T12:54:08","modified_gmt":"2024-01-07T12:54:08","slug":"medlemskap","status":"publish","type":"page","link":"https:\/\/www.jjkv.se\/?page_id=152","title":{"rendered":"Medlemskap"},"content":{"rendered":"<p><strong><em>Klart du ska b\u00f6rja tr\u00e4na hos oss!<\/em><\/strong><\/p>\n<div class=\"imgDiv\"><\/div>\n<div>\n<p><strong>Vad inneb\u00e4r det att vara medlem?<\/strong><\/p>\n<p>N\u00e4r man har blivit medlem i s\u00e5 blir man automatiskt medlem i Svenska Ju-Jutsu f\u00f6rbundet och f\u00e5r d\u00e5 \u00e5tkomst till information och dylikt om f\u00f6rbundet.<\/p>\n<p>Ni kommer att f\u00e5r ett medlemskort VT-2024 som visar att ni \u00e4r medlemmar i v\u00e5ran klubb.<br \/>\nPriserna g\u00e4ller fr\u00e5n och med vT-2024.<\/p>\n<p>Medlems avgiften \u00e4r 100kr \/ termin.<br \/>\nTermins avgiften \u00e4r 1200kr \/ vuxen<\/p>\n<p>Totalt 1300kr \/ vuxen<\/p>\n<div>\n<p><strong>Betalning<br \/>\n<\/strong>Betalning sker via Handelsbanken Bankgiro <strong>6531<\/strong>\u00a0<strong>5055-3247,<\/strong><br \/>\n<strong>Handelsbankens clearing n\/r 6531 <\/strong>eller via <strong>Swish 070-297 07 09<\/strong><\/p>\n<p>Efter att terminsavgiften \u00e4r betald skickas ett kvitto som kan anv\u00e4ndas vid friskv\u00e5rdsbidrag som de flest f\u00f6retag har idag.<\/p>\n<p>Ange namn, personnummer \u00a0(exempel: Anders Andersson 19840101).<br \/>\nSista betalning f\u00f6r v\u00e5rtermin \u00e4r sista februari, sista betalning f\u00f6r h\u00f6sttermin \u00e4r sista september.<br \/>\nSom nyb\u00f6rjare s\u00e5 har ni m\u00f6jligheten att prova p\u00e5 2 ggr gratis innan ni betalar.<\/p>\n<\/div>\n<p><strong>Tillkommande kostnader \u00e4r:<br \/>\n<\/strong>&#8211; Tr\u00e4ningsdr\u00e4kt (priser fr\u00e5n ca 800- 1200:- beroende p\u00e5 storlek och kvalit\u00e9 )<br \/>\n&#8211; Startavgifter vid t\u00e4vlingar, l\u00e4ger (varierar fr\u00e5n ca 100-400:-)<br \/>\n&#8211; Ju-Jutsu Kai Pass: obligatoriskt vid t\u00e4vling, gradering samt kurs-l\u00e4ger.<br \/>\n&#8211; Graderingskostnad: varierande. baserat p\u00e5 grad.<br \/>\n&#8211; Eventuell t\u00e4vling \/tr\u00e4ningsutrustning (skydd t.ex.)<\/p>\n<p><strong>Vilken utrustning beh\u00f6vs?<\/strong><br \/>\nF\u00f6r att prova p\u00e5 Ju-Jutsu Kai r\u00e4cker det med mjuka byxor, t-shirt och en vattenflaska. Vi tr\u00e4nar barfota. Vill ni k\u00f6pa dr\u00e4kt s\u00e5 rekommenderar vi att ni k\u00f6per det via oss f\u00f6r att f\u00e5 r\u00e4tt modell och storlek. Priser f\u00f6r dr\u00e4kter varierar fr\u00e5n ca 550-1500:-. Prata med er instrukt\u00f6r om detta.<\/p>\n<\/div>\n<p style=\"text-align: justify;\">\n","protected":false},"excerpt":{"rendered":"<p>Klart du ska b\u00f6rja tr\u00e4na hos oss! Vad inneb\u00e4r det att vara medlem? N\u00e4r man har blivit medlem i s\u00e5 blir man automatiskt medlem i Svenska Ju-Jutsu f\u00f6rbundet och f\u00e5r d\u00e5 \u00e5tkomst till information och dylikt om f\u00f6rbundet. Ni kommer &hellip; <a href=\"https:\/\/www.jjkv.se\/?page_id=152\">L\u00e4s mer <span class=\"meta-nav\">&rarr;<\/span><\/a><\/p>\n","protected":false},"author":1,"featured_media":0,"parent":215,"menu_order":4,"comment_status":"closed","ping_status":"closed","template":"sidebar-page.php","meta":[],"_links":{"self":[{"href":"https:\/\/www.jjkv.se\/index.php?rest_route=\/wp\/v2\/pages\/152"}],"collection":[{"href":"https:\/\/www.jjkv.se\/index.php?rest_route=\/wp\/v2\/pages"}],"about":[{"href":"https:\/\/www.jjkv.se\/index.php?rest_route=\/wp\/v2\/types\/page"}],"author":[{"embeddable":true,"href":"https:\/\/www.jjkv.se\/index.php?rest_route=\/wp\/v2\/users\/1"}],"replies":[{"embeddable":true,"href":"https:\/\/www.jjkv.se\/index.php?rest_route=%2Fwp%2Fv2%2Fcomments&post=152"}],"version-history":[{"count":49,"href":"https:\/\/www.jjkv.se\/index.php?rest_route=\/wp\/v2\/pages\/152\/revisions"}],"predecessor-version":[{"id":1428,"href":"https:\/\/www.jjkv.se\/index.php?rest_route=\/wp\/v2\/pages\/152\/revisions\/1428"}],"up":[{"embeddable":true,"href":"https:\/\/www.jjkv.se\/index.php?rest_route=\/wp\/v2\/pages\/215"}],"wp:attachment":[{"href":"https:\/\/www.jjkv.se\/index.php?rest_route=%2Fwp%2Fv2%2Fmedia&parent=152"}],"curies":[{"name":"wp","href":"https:\/\/api.w.org\/{rel}","templated":true}]}}