{"id":1238,"date":"2019-01-02T14:30:29","date_gmt":"2019-01-02T14:30:29","guid":{"rendered":"http:\/\/www.jjkv.se\/?page_id=1238"},"modified":"2019-08-05T07:03:55","modified_gmt":"2019-08-05T07:03:55","slug":"gradering-1412-2018","status":"publish","type":"page","link":"https:\/\/www.jjkv.se\/?page_id=1238","title":{"rendered":"Gradering 14 december 2018"},"content":{"rendered":"<p>Gradering i Kl\u00f6vernhallen 20181214 \ud83d\ude42<\/p>\n<p>Alla k\u00e4mpade p\u00e5 och slet h\u00e5rt f\u00f6r sitt b\u00e4lte.<br \/>\nGrattis till era b\u00e4lten \ud83d\ude42<\/p>\n<p>&nbsp;<\/p>\n<p><a href=\"http:\/\/www.jjkv.se\/wp-content\/uploads\/2019\/01\/1047.jpg\"><img loading=\"lazy\" class=\"alignnone wp-image-1239 size-large\" src=\"http:\/\/www.jjkv.se\/wp-content\/uploads\/2019\/01\/1047-1024x683.jpg\" alt=\"\" width=\"584\" height=\"390\" srcset=\"https:\/\/www.jjkv.se\/wp-content\/uploads\/2019\/01\/1047-1024x683.jpg 1024w, https:\/\/www.jjkv.se\/wp-content\/uploads\/2019\/01\/1047-300x200.jpg 300w, https:\/\/www.jjkv.se\/wp-content\/uploads\/2019\/01\/1047-768x512.jpg 768w, https:\/\/www.jjkv.se\/wp-content\/uploads\/2019\/01\/1047-450x300.jpg 450w\" sizes=\"(max-width: 584px) 100vw, 584px\" \/><\/a><a href=\"http:\/\/www.jjkv.se\/wp-content\/uploads\/2019\/01\/1008.jpg\"><img loading=\"lazy\" class=\"size-medium wp-image-1246 alignright\" src=\"http:\/\/www.jjkv.se\/wp-content\/uploads\/2019\/01\/1008-300x200.jpg\" alt=\"\" width=\"300\" height=\"200\" srcset=\"https:\/\/www.jjkv.se\/wp-content\/uploads\/2019\/01\/1008-300x200.jpg 300w, https:\/\/www.jjkv.se\/wp-content\/uploads\/2019\/01\/1008-768x512.jpg 768w, https:\/\/www.jjkv.se\/wp-content\/uploads\/2019\/01\/1008-1024x683.jpg 1024w, https:\/\/www.jjkv.se\/wp-content\/uploads\/2019\/01\/1008-450x300.jpg 450w\" sizes=\"(max-width: 300px) 100vw, 300px\" \/><\/a><a href=\"http:\/\/www.jjkv.se\/wp-content\/uploads\/2019\/01\/1000.jpg\"><img loading=\"lazy\" class=\"alignnone size-medium wp-image-1245\" src=\"http:\/\/www.jjkv.se\/wp-content\/uploads\/2019\/01\/1000-300x200.jpg\" alt=\"\" width=\"300\" height=\"200\" srcset=\"https:\/\/www.jjkv.se\/wp-content\/uploads\/2019\/01\/1000-300x200.jpg 300w, https:\/\/www.jjkv.se\/wp-content\/uploads\/2019\/01\/1000-768x512.jpg 768w, https:\/\/www.jjkv.se\/wp-content\/uploads\/2019\/01\/1000-1024x683.jpg 1024w, https:\/\/www.jjkv.se\/wp-content\/uploads\/2019\/01\/1000-450x300.jpg 450w\" sizes=\"(max-width: 300px) 100vw, 300px\" \/><\/a><a href=\"http:\/\/www.jjkv.se\/wp-content\/uploads\/2019\/01\/989.jpg\"><img loading=\"lazy\" class=\"size-medium wp-image-1244 alignright\" src=\"http:\/\/www.jjkv.se\/wp-content\/uploads\/2019\/01\/989-300x200.jpg\" alt=\"\" width=\"300\" height=\"200\" srcset=\"https:\/\/www.jjkv.se\/wp-content\/uploads\/2019\/01\/989-300x200.jpg 300w, https:\/\/www.jjkv.se\/wp-content\/uploads\/2019\/01\/989-768x512.jpg 768w, https:\/\/www.jjkv.se\/wp-content\/uploads\/2019\/01\/989-1024x683.jpg 1024w, https:\/\/www.jjkv.se\/wp-content\/uploads\/2019\/01\/989-450x300.jpg 450w\" sizes=\"(max-width: 300px) 100vw, 300px\" \/><\/a><a href=\"http:\/\/www.jjkv.se\/wp-content\/uploads\/2019\/01\/978.jpg\"><img loading=\"lazy\" class=\"alignnone size-medium wp-image-1243\" src=\"http:\/\/www.jjkv.se\/wp-content\/uploads\/2019\/01\/978-300x200.jpg\" alt=\"\" width=\"300\" height=\"200\" srcset=\"https:\/\/www.jjkv.se\/wp-content\/uploads\/2019\/01\/978-300x200.jpg 300w, https:\/\/www.jjkv.se\/wp-content\/uploads\/2019\/01\/978-768x512.jpg 768w, https:\/\/www.jjkv.se\/wp-content\/uploads\/2019\/01\/978-1024x683.jpg 1024w, https:\/\/www.jjkv.se\/wp-content\/uploads\/2019\/01\/978-450x300.jpg 450w\" sizes=\"(max-width: 300px) 100vw, 300px\" \/><\/a><a href=\"http:\/\/www.jjkv.se\/wp-content\/uploads\/2019\/01\/977.jpg\"><img loading=\"lazy\" class=\"size-medium wp-image-1242 alignright\" src=\"http:\/\/www.jjkv.se\/wp-content\/uploads\/2019\/01\/977-300x200.jpg\" alt=\"\" width=\"300\" height=\"200\" srcset=\"https:\/\/www.jjkv.se\/wp-content\/uploads\/2019\/01\/977-300x200.jpg 300w, https:\/\/www.jjkv.se\/wp-content\/uploads\/2019\/01\/977-768x512.jpg 768w, https:\/\/www.jjkv.se\/wp-content\/uploads\/2019\/01\/977-1024x683.jpg 1024w, https:\/\/www.jjkv.se\/wp-content\/uploads\/2019\/01\/977-450x300.jpg 450w\" sizes=\"(max-width: 300px) 100vw, 300px\" \/><\/a><a href=\"http:\/\/www.jjkv.se\/wp-content\/uploads\/2019\/01\/971.jpg\"><img loading=\"lazy\" class=\"alignnone size-medium wp-image-1241\" src=\"http:\/\/www.jjkv.se\/wp-content\/uploads\/2019\/01\/971-300x200.jpg\" alt=\"\" width=\"300\" height=\"200\" srcset=\"https:\/\/www.jjkv.se\/wp-content\/uploads\/2019\/01\/971-300x200.jpg 300w, https:\/\/www.jjkv.se\/wp-content\/uploads\/2019\/01\/971-768x512.jpg 768w, https:\/\/www.jjkv.se\/wp-content\/uploads\/2019\/01\/971-1024x683.jpg 1024w, https:\/\/www.jjkv.se\/wp-content\/uploads\/2019\/01\/971-450x300.jpg 450w\" sizes=\"(max-width: 300px) 100vw, 300px\" \/><\/a><a href=\"http:\/\/www.jjkv.se\/wp-content\/uploads\/2019\/01\/966.jpg\"><img loading=\"lazy\" class=\"alignnone size-medium wp-image-1240\" src=\"http:\/\/www.jjkv.se\/wp-content\/uploads\/2019\/01\/966-300x200.jpg\" alt=\"\" width=\"300\" height=\"200\" srcset=\"https:\/\/www.jjkv.se\/wp-content\/uploads\/2019\/01\/966-300x200.jpg 300w, https:\/\/www.jjkv.se\/wp-content\/uploads\/2019\/01\/966-768x512.jpg 768w, https:\/\/www.jjkv.se\/wp-content\/uploads\/2019\/01\/966-1024x683.jpg 1024w, https:\/\/www.jjkv.se\/wp-content\/uploads\/2019\/01\/966-450x300.jpg 450w\" sizes=\"(max-width: 300px) 100vw, 300px\" \/><\/a>\u00a0 <a href=\"http:\/\/www.jjkv.se\/wp-content\/uploads\/2019\/01\/1021.jpg\"><img loading=\"lazy\" class=\"size-medium wp-image-1247 alignright\" src=\"http:\/\/www.jjkv.se\/wp-content\/uploads\/2019\/01\/1021-300x200.jpg\" alt=\"\" width=\"300\" height=\"200\" srcset=\"https:\/\/www.jjkv.se\/wp-content\/uploads\/2019\/01\/1021-300x200.jpg 300w, https:\/\/www.jjkv.se\/wp-content\/uploads\/2019\/01\/1021-768x512.jpg 768w, https:\/\/www.jjkv.se\/wp-content\/uploads\/2019\/01\/1021-1024x683.jpg 1024w, https:\/\/www.jjkv.se\/wp-content\/uploads\/2019\/01\/1021-450x300.jpg 450w\" sizes=\"(max-width: 300px) 100vw, 300px\" \/><\/a> <a href=\"http:\/\/www.jjkv.se\/wp-content\/uploads\/2019\/01\/1008.jpg\"><img loading=\"lazy\" class=\"alignnone size-medium wp-image-1246\" src=\"http:\/\/www.jjkv.se\/wp-content\/uploads\/2019\/01\/1008-300x200.jpg\" alt=\"\" width=\"300\" height=\"200\" srcset=\"https:\/\/www.jjkv.se\/wp-content\/uploads\/2019\/01\/1008-300x200.jpg 300w, https:\/\/www.jjkv.se\/wp-content\/uploads\/2019\/01\/1008-768x512.jpg 768w, https:\/\/www.jjkv.se\/wp-content\/uploads\/2019\/01\/1008-1024x683.jpg 1024w, https:\/\/www.jjkv.se\/wp-content\/uploads\/2019\/01\/1008-450x300.jpg 450w\" sizes=\"(max-width: 300px) 100vw, 300px\" \/><\/a><a href=\"http:\/\/www.jjkv.se\/wp-content\/uploads\/2019\/01\/1032.jpg\"><u><\/u><img loading=\"lazy\" class=\"size-medium wp-image-1248 alignright\" src=\"http:\/\/www.jjkv.se\/wp-content\/uploads\/2019\/01\/1032-300x200.jpg\" alt=\"\" width=\"300\" height=\"200\" srcset=\"https:\/\/www.jjkv.se\/wp-content\/uploads\/2019\/01\/1032-300x200.jpg 300w, https:\/\/www.jjkv.se\/wp-content\/uploads\/2019\/01\/1032-768x512.jpg 768w, https:\/\/www.jjkv.se\/wp-content\/uploads\/2019\/01\/1032-1024x683.jpg 1024w, https:\/\/www.jjkv.se\/wp-content\/uploads\/2019\/01\/1032-450x300.jpg 450w\" sizes=\"(max-width: 300px) 100vw, 300px\" \/><\/a><\/p>\n","protected":false},"excerpt":{"rendered":"<p>Gradering i Kl\u00f6vernhallen 20181214 \ud83d\ude42 Alla k\u00e4mpade p\u00e5 och slet h\u00e5rt f\u00f6r sitt b\u00e4lte. Grattis till era b\u00e4lten \ud83d\ude42 &nbsp; \u00a0<\/p>\n","protected":false},"author":4,"featured_media":0,"parent":252,"menu_order":0,"comment_status":"closed","ping_status":"closed","template":"","meta":[],"_links":{"self":[{"href":"https:\/\/www.jjkv.se\/index.php?rest_route=\/wp\/v2\/pages\/1238"}],"collection":[{"href":"https:\/\/www.jjkv.se\/index.php?rest_route=\/wp\/v2\/pages"}],"about":[{"href":"https:\/\/www.jjkv.se\/index.php?rest_route=\/wp\/v2\/types\/page"}],"author":[{"embeddable":true,"href":"https:\/\/www.jjkv.se\/index.php?rest_route=\/wp\/v2\/users\/4"}],"replies":[{"embeddable":true,"href":"https:\/\/www.jjkv.se\/index.php?rest_route=%2Fwp%2Fv2%2Fcomments&post=1238"}],"version-history":[{"count":2,"href":"https:\/\/www.jjkv.se\/index.php?rest_route=\/wp\/v2\/pages\/1238\/revisions"}],"predecessor-version":[{"id":1279,"href":"https:\/\/www.jjkv.se\/index.php?rest_route=\/wp\/v2\/pages\/1238\/revisions\/1279"}],"up":[{"embeddable":true,"href":"https:\/\/www.jjkv.se\/index.php?rest_route=\/wp\/v2\/pages\/252"}],"wp:attachment":[{"href":"https:\/\/www.jjkv.se\/index.php?rest_route=%2Fwp%2Fv2%2Fmedia&parent=1238"}],"curies":[{"name":"wp","href":"https:\/\/api.w.org\/{rel}","templated":true}]}}