{"id":1047,"date":"2017-02-02T15:15:10","date_gmt":"2017-02-02T15:15:10","guid":{"rendered":"http:\/\/www.jjkv.se\/?page_id=1047"},"modified":"2017-02-07T12:03:41","modified_gmt":"2017-02-07T12:03:41","slug":"vasteras-idrottsgymnasium-2017","status":"publish","type":"page","link":"https:\/\/www.jjkv.se\/?page_id=1047","title":{"rendered":"V\u00e4ster\u00e5s Idrottsgymnasium 2017"},"content":{"rendered":"<p><strong><em>Personligt sj\u00e4lvf\u00f6rsvar Idrottsgymnasiet i V\u00e4ster\u00e5s<br \/>\n<\/em><\/strong><em><strong>F\u00f6r din s\u00e4kerhet i Sverige!<\/strong><\/em><\/p>\n<p>Utbildning i sj\u00e4lvf\u00f6rsvar f\u00f6r gymnasietjejerna p\u00e5 V\u00e4ster\u00e5s Idrottsgymnasium 20170207.<\/p>\n<p>M\u00e5let \u00e4r att k\u00e4nna \u00f6kad trygghet i samh\u00e4llet och slippa vardagsr\u00e4dslan.<\/p>\n<ul>\n<li>Attityd<\/li>\n<li>Kontroll<\/li>\n<li>Fokusering<\/li>\n<li>Kraft och snabbhet<\/li>\n<li>Glatt hum\u00f6r<\/li>\n<\/ul>\n<div id=\"attachment_1084\" style=\"width: 310px\" class=\"wp-caption alignright\"><a href=\"http:\/\/www.jjkv.se\/wp-content\/uploads\/2017\/02\/Capture.jpg\" rel=\"attachment wp-att-1084\"><img aria-describedby=\"caption-attachment-1084\" loading=\"lazy\" class=\"wp-image-1084 size-medium\" src=\"http:\/\/www.jjkv.se\/wp-content\/uploads\/2017\/02\/Capture-300x217.jpg\" alt=\"Capture\" width=\"300\" height=\"217\" srcset=\"https:\/\/www.jjkv.se\/wp-content\/uploads\/2017\/02\/Capture-300x217.jpg 300w, https:\/\/www.jjkv.se\/wp-content\/uploads\/2017\/02\/Capture-768x556.jpg 768w, https:\/\/www.jjkv.se\/wp-content\/uploads\/2017\/02\/Capture-1024x741.jpg 1024w, https:\/\/www.jjkv.se\/wp-content\/uploads\/2017\/02\/Capture-415x300.jpg 415w, https:\/\/www.jjkv.se\/wp-content\/uploads\/2017\/02\/Capture.jpg 1100w\" sizes=\"(max-width: 300px) 100vw, 300px\" \/><\/a><p id=\"caption-attachment-1084\" class=\"wp-caption-text\">\u00d6ka din medvetenhet om hot om v\u00e5ld<\/p><\/div>\n<p><a href=\"http:\/\/www.jjkv.se\/wp-content\/uploads\/2017\/02\/Capture.jpg\" rel=\"attachment wp-att-1084\">\u00a0<\/a><\/p>\n<p>&nbsp;<\/p>\n<div id=\"attachment_1049\" style=\"width: 310px\" class=\"wp-caption alignnone\"><a href=\"http:\/\/www.jjkv.se\/wp-content\/uploads\/2017\/02\/IMG_0476.jpg\" rel=\"attachment wp-att-1049\"><img aria-describedby=\"caption-attachment-1049\" loading=\"lazy\" class=\"wp-image-1049 size-medium\" src=\"http:\/\/www.jjkv.se\/wp-content\/uploads\/2017\/02\/IMG_0476-300x225.jpg\" alt=\"Frihet att v\u00e4lja sina strider\" width=\"300\" height=\"225\" srcset=\"https:\/\/www.jjkv.se\/wp-content\/uploads\/2017\/02\/IMG_0476-300x225.jpg 300w, https:\/\/www.jjkv.se\/wp-content\/uploads\/2017\/02\/IMG_0476-768x576.jpg 768w, https:\/\/www.jjkv.se\/wp-content\/uploads\/2017\/02\/IMG_0476-1024x768.jpg 1024w, https:\/\/www.jjkv.se\/wp-content\/uploads\/2017\/02\/IMG_0476-400x300.jpg 400w\" sizes=\"(max-width: 300px) 100vw, 300px\" \/><\/a><p id=\"caption-attachment-1049\" class=\"wp-caption-text\">Hantera vardags r\u00e4ddslan<\/p><\/div>\n<div id=\"attachment_1075\" style=\"width: 310px\" class=\"wp-caption alignright\"><a href=\"http:\/\/www.jjkv.se\/wp-content\/uploads\/2017\/02\/IMG_0482-.jpg\" rel=\"attachment wp-att-1075\"><img aria-describedby=\"caption-attachment-1075\" loading=\"lazy\" class=\"wp-image-1075 size-medium\" src=\"http:\/\/www.jjkv.se\/wp-content\/uploads\/2017\/02\/IMG_0482--300x225.jpg\" alt=\"IMG_0482 -\" width=\"300\" height=\"225\" srcset=\"https:\/\/www.jjkv.se\/wp-content\/uploads\/2017\/02\/IMG_0482--300x225.jpg 300w, https:\/\/www.jjkv.se\/wp-content\/uploads\/2017\/02\/IMG_0482--768x576.jpg 768w, https:\/\/www.jjkv.se\/wp-content\/uploads\/2017\/02\/IMG_0482--1024x768.jpg 1024w, https:\/\/www.jjkv.se\/wp-content\/uploads\/2017\/02\/IMG_0482--400x300.jpg 400w\" sizes=\"(max-width: 300px) 100vw, 300px\" \/><\/a><p id=\"caption-attachment-1075\" class=\"wp-caption-text\">F\u00f6rv\u00e4ntansfulla \ud83d\ude42<\/p><\/div>\n<div id=\"attachment_1051\" style=\"width: 235px\" class=\"wp-caption alignright\"><a href=\"http:\/\/www.jjkv.se\/wp-content\/uploads\/2017\/02\/IMG_0480.jpg\" rel=\"attachment wp-att-1051\"><img aria-describedby=\"caption-attachment-1051\" loading=\"lazy\" class=\"wp-image-1051 size-medium\" src=\"http:\/\/www.jjkv.se\/wp-content\/uploads\/2017\/02\/IMG_0480-225x300.jpg\" alt=\"IMG_0480\" width=\"225\" height=\"300\" srcset=\"https:\/\/www.jjkv.se\/wp-content\/uploads\/2017\/02\/IMG_0480-225x300.jpg 225w, https:\/\/www.jjkv.se\/wp-content\/uploads\/2017\/02\/IMG_0480-768x1024.jpg 768w\" sizes=\"(max-width: 225px) 100vw, 225px\" \/><\/a><p id=\"caption-attachment-1051\" class=\"wp-caption-text\">Carlos instruerar sina elever<\/p><\/div>\n<div id=\"attachment_1050\" style=\"width: 310px\" class=\"wp-caption alignright\"><a href=\"http:\/\/www.jjkv.se\/wp-content\/uploads\/2017\/02\/IMG_0479.jpg\" rel=\"attachment wp-att-1050\"><img aria-describedby=\"caption-attachment-1050\" loading=\"lazy\" class=\"wp-image-1050 size-medium\" src=\"http:\/\/www.jjkv.se\/wp-content\/uploads\/2017\/02\/IMG_0479-300x225.jpg\" alt=\"IMG_0479\" width=\"300\" height=\"225\" srcset=\"https:\/\/www.jjkv.se\/wp-content\/uploads\/2017\/02\/IMG_0479-300x225.jpg 300w, https:\/\/www.jjkv.se\/wp-content\/uploads\/2017\/02\/IMG_0479-768x576.jpg 768w, https:\/\/www.jjkv.se\/wp-content\/uploads\/2017\/02\/IMG_0479-1024x768.jpg 1024w, https:\/\/www.jjkv.se\/wp-content\/uploads\/2017\/02\/IMG_0479-400x300.jpg 400w\" sizes=\"(max-width: 300px) 100vw, 300px\" \/><\/a><p id=\"caption-attachment-1050\" class=\"wp-caption-text\">\u00d6ka din medvetenhet om faror<\/p><\/div>\n<div id=\"attachment_1052\" style=\"width: 310px\" class=\"wp-caption alignnone\"><a href=\"http:\/\/www.jjkv.se\/wp-content\/uploads\/2017\/02\/IMG_0481.jpg\" rel=\"attachment wp-att-1052\"><img aria-describedby=\"caption-attachment-1052\" loading=\"lazy\" class=\"wp-image-1052 size-medium\" src=\"http:\/\/www.jjkv.se\/wp-content\/uploads\/2017\/02\/IMG_0481-300x225.jpg\" alt=\"IMG_0481\" width=\"300\" height=\"225\" srcset=\"https:\/\/www.jjkv.se\/wp-content\/uploads\/2017\/02\/IMG_0481-300x225.jpg 300w, https:\/\/www.jjkv.se\/wp-content\/uploads\/2017\/02\/IMG_0481-768x576.jpg 768w, https:\/\/www.jjkv.se\/wp-content\/uploads\/2017\/02\/IMG_0481-1024x768.jpg 1024w, https:\/\/www.jjkv.se\/wp-content\/uploads\/2017\/02\/IMG_0481-400x300.jpg 400w\" sizes=\"(max-width: 300px) 100vw, 300px\" \/><\/a><p id=\"caption-attachment-1052\" class=\"wp-caption-text\">Snabbt\u00e4nkt b\u00e4sta vapnet<\/p><\/div>\n<div id=\"attachment_1053\" style=\"width: 310px\" class=\"wp-caption aligncenter\"><img aria-describedby=\"caption-attachment-1053\" loading=\"lazy\" class=\"wp-image-1053 size-medium\" src=\"http:\/\/www.jjkv.se\/wp-content\/uploads\/2017\/02\/IMG_0483-300x225.jpg\" alt=\"IMG_0483\" width=\"300\" height=\"225\" srcset=\"https:\/\/www.jjkv.se\/wp-content\/uploads\/2017\/02\/IMG_0483-300x225.jpg 300w, https:\/\/www.jjkv.se\/wp-content\/uploads\/2017\/02\/IMG_0483-768x576.jpg 768w, https:\/\/www.jjkv.se\/wp-content\/uploads\/2017\/02\/IMG_0483-1024x768.jpg 1024w, https:\/\/www.jjkv.se\/wp-content\/uploads\/2017\/02\/IMG_0483-400x300.jpg 400w\" sizes=\"(max-width: 300px) 100vw, 300px\" \/><p id=\"caption-attachment-1053\" class=\"wp-caption-text\">Frihet att v\u00e4lja sina strider<\/p><\/div>\n<div id=\"attachment_1055\" style=\"width: 310px\" class=\"wp-caption alignnone\"><a href=\"http:\/\/www.jjkv.se\/wp-content\/uploads\/2017\/02\/IMG_0489.jpg\" rel=\"attachment wp-att-1055\"><img aria-describedby=\"caption-attachment-1055\" loading=\"lazy\" class=\"wp-image-1055 size-medium\" src=\"http:\/\/www.jjkv.se\/wp-content\/uploads\/2017\/02\/IMG_0489-300x225.jpg\" alt=\"IMG_0489\" width=\"300\" height=\"225\" srcset=\"https:\/\/www.jjkv.se\/wp-content\/uploads\/2017\/02\/IMG_0489-300x225.jpg 300w, https:\/\/www.jjkv.se\/wp-content\/uploads\/2017\/02\/IMG_0489-768x576.jpg 768w, https:\/\/www.jjkv.se\/wp-content\/uploads\/2017\/02\/IMG_0489-1024x768.jpg 1024w, https:\/\/www.jjkv.se\/wp-content\/uploads\/2017\/02\/IMG_0489-400x300.jpg 400w\" sizes=\"(max-width: 300px) 100vw, 300px\" \/><\/a><p id=\"caption-attachment-1055\" class=\"wp-caption-text\">Tr\u00e4na upp din mentala f\u00f6rm\u00e5ga<\/p><\/div>\n<div id=\"attachment_1059\" style=\"width: 310px\" class=\"wp-caption alignright\"><a href=\"http:\/\/www.jjkv.se\/wp-content\/uploads\/2017\/02\/IMG_0506.jpg\" rel=\"attachment wp-att-1059\"><img aria-describedby=\"caption-attachment-1059\" loading=\"lazy\" class=\"wp-image-1059 size-medium\" src=\"http:\/\/www.jjkv.se\/wp-content\/uploads\/2017\/02\/IMG_0506-300x225.jpg\" alt=\"IMG_0506\" width=\"300\" height=\"225\" srcset=\"https:\/\/www.jjkv.se\/wp-content\/uploads\/2017\/02\/IMG_0506-300x225.jpg 300w, https:\/\/www.jjkv.se\/wp-content\/uploads\/2017\/02\/IMG_0506-768x576.jpg 768w, https:\/\/www.jjkv.se\/wp-content\/uploads\/2017\/02\/IMG_0506-1024x768.jpg 1024w, https:\/\/www.jjkv.se\/wp-content\/uploads\/2017\/02\/IMG_0506-400x300.jpg 400w\" sizes=\"(max-width: 300px) 100vw, 300px\" \/><\/a><p id=\"caption-attachment-1059\" class=\"wp-caption-text\">Passa p\u00e5 n\u00e4r l\u00e4ge finns<\/p><\/div>\n<p><a href=\"http:\/\/www.jjkv.se\/wp-content\/uploads\/2017\/02\/IMG_0480.jpg\" rel=\"attachment wp-att-1051\">\u00a0<\/a><\/p>\n<div id=\"attachment_1054\" style=\"width: 310px\" class=\"wp-caption alignnone\"><a href=\"http:\/\/www.jjkv.se\/wp-content\/uploads\/2017\/02\/IMG_0484.jpg\" rel=\"attachment wp-att-1054\"><img aria-describedby=\"caption-attachment-1054\" loading=\"lazy\" class=\"size-medium wp-image-1054\" src=\"http:\/\/www.jjkv.se\/wp-content\/uploads\/2017\/02\/IMG_0484-300x225.jpg\" alt=\"Utryck sj\u00e4lvrespekt genom sitt fysiska kroppsspr\u00e5k\" width=\"300\" height=\"225\" srcset=\"https:\/\/www.jjkv.se\/wp-content\/uploads\/2017\/02\/IMG_0484-300x225.jpg 300w, https:\/\/www.jjkv.se\/wp-content\/uploads\/2017\/02\/IMG_0484-768x576.jpg 768w, https:\/\/www.jjkv.se\/wp-content\/uploads\/2017\/02\/IMG_0484-1024x768.jpg 1024w, https:\/\/www.jjkv.se\/wp-content\/uploads\/2017\/02\/IMG_0484-400x300.jpg 400w\" sizes=\"(max-width: 300px) 100vw, 300px\" \/><\/a><p id=\"caption-attachment-1054\" class=\"wp-caption-text\">Utryck sj\u00e4lvrespekt genom sitt fysiska kroppsspr\u00e5k<\/p><\/div>\n<p><a href=\"http:\/\/www.jjkv.se\/wp-content\/uploads\/2017\/02\/IMG_0481.jpg\" rel=\"attachment wp-att-1052\">\u00a0<\/a><br \/>\n<a href=\"http:\/\/www.jjkv.se\/wp-content\/uploads\/2017\/02\/IMG_0484.jpg\" rel=\"attachment wp-att-1054\">\u00a0\u00a0\u00a0\u00a0<\/a><a href=\"http:\/\/www.jjkv.se\/wp-content\/uploads\/2017\/02\/IMG_0500.jpg\" rel=\"attachment wp-att-1058\">\u00a0<\/a><\/p>\n<div id=\"attachment_1061\" style=\"width: 310px\" class=\"wp-caption alignnone\"><a href=\"http:\/\/www.jjkv.se\/wp-content\/uploads\/2017\/02\/IMG_0515.jpg\" rel=\"attachment wp-att-1061\"><img aria-describedby=\"caption-attachment-1061\" loading=\"lazy\" class=\"wp-image-1061 size-medium\" src=\"http:\/\/www.jjkv.se\/wp-content\/uploads\/2017\/02\/IMG_0515-300x225.jpg\" alt=\"IMG_0515\" width=\"300\" height=\"225\" srcset=\"https:\/\/www.jjkv.se\/wp-content\/uploads\/2017\/02\/IMG_0515-300x225.jpg 300w, https:\/\/www.jjkv.se\/wp-content\/uploads\/2017\/02\/IMG_0515-768x576.jpg 768w, https:\/\/www.jjkv.se\/wp-content\/uploads\/2017\/02\/IMG_0515-1024x768.jpg 1024w, https:\/\/www.jjkv.se\/wp-content\/uploads\/2017\/02\/IMG_0515-400x300.jpg 400w\" sizes=\"(max-width: 300px) 100vw, 300px\" \/><\/a><p id=\"caption-attachment-1061\" class=\"wp-caption-text\">Agera med best\u00e4mdhet<\/p><\/div>\n<div id=\"attachment_1060\" style=\"width: 310px\" class=\"wp-caption alignright\"><a href=\"http:\/\/www.jjkv.se\/wp-content\/uploads\/2017\/02\/IMG_0510.jpg\" rel=\"attachment wp-att-1060\"><img aria-describedby=\"caption-attachment-1060\" loading=\"lazy\" class=\"size-medium wp-image-1060\" src=\"http:\/\/www.jjkv.se\/wp-content\/uploads\/2017\/02\/IMG_0510-300x225.jpg\" alt=\"Fullst\u00e4ndig kontroll\" width=\"300\" height=\"225\" srcset=\"https:\/\/www.jjkv.se\/wp-content\/uploads\/2017\/02\/IMG_0510-300x225.jpg 300w, https:\/\/www.jjkv.se\/wp-content\/uploads\/2017\/02\/IMG_0510-768x576.jpg 768w, https:\/\/www.jjkv.se\/wp-content\/uploads\/2017\/02\/IMG_0510-1024x768.jpg 1024w, https:\/\/www.jjkv.se\/wp-content\/uploads\/2017\/02\/IMG_0510-400x300.jpg 400w\" sizes=\"(max-width: 300px) 100vw, 300px\" \/><\/a><p id=\"caption-attachment-1060\" class=\"wp-caption-text\">Fullst\u00e4ndig kontroll<\/p><\/div>\n","protected":false},"excerpt":{"rendered":"<p>Personligt sj\u00e4lvf\u00f6rsvar Idrottsgymnasiet i V\u00e4ster\u00e5s F\u00f6r din s\u00e4kerhet i Sverige! Utbildning i sj\u00e4lvf\u00f6rsvar f\u00f6r gymnasietjejerna p\u00e5 V\u00e4ster\u00e5s Idrottsgymnasium 20170207. M\u00e5let \u00e4r att k\u00e4nna \u00f6kad trygghet i samh\u00e4llet och slippa vardagsr\u00e4dslan. Attityd Kontroll Fokusering Kraft och snabbhet Glatt hum\u00f6r \u00a0 &nbsp; &hellip; <a href=\"https:\/\/www.jjkv.se\/?page_id=1047\">L\u00e4s mer <span class=\"meta-nav\">&rarr;<\/span><\/a><\/p>\n","protected":false},"author":4,"featured_media":0,"parent":252,"menu_order":0,"comment_status":"closed","ping_status":"closed","template":"","meta":[],"_links":{"self":[{"href":"https:\/\/www.jjkv.se\/index.php?rest_route=\/wp\/v2\/pages\/1047"}],"collection":[{"href":"https:\/\/www.jjkv.se\/index.php?rest_route=\/wp\/v2\/pages"}],"about":[{"href":"https:\/\/www.jjkv.se\/index.php?rest_route=\/wp\/v2\/types\/page"}],"author":[{"embeddable":true,"href":"https:\/\/www.jjkv.se\/index.php?rest_route=\/wp\/v2\/users\/4"}],"replies":[{"embeddable":true,"href":"https:\/\/www.jjkv.se\/index.php?rest_route=%2Fwp%2Fv2%2Fcomments&post=1047"}],"version-history":[{"count":9,"href":"https:\/\/www.jjkv.se\/index.php?rest_route=\/wp\/v2\/pages\/1047\/revisions"}],"predecessor-version":[{"id":1087,"href":"https:\/\/www.jjkv.se\/index.php?rest_route=\/wp\/v2\/pages\/1047\/revisions\/1087"}],"up":[{"embeddable":true,"href":"https:\/\/www.jjkv.se\/index.php?rest_route=\/wp\/v2\/pages\/252"}],"wp:attachment":[{"href":"https:\/\/www.jjkv.se\/index.php?rest_route=%2Fwp%2Fv2%2Fmedia&parent=1047"}],"curies":[{"name":"wp","href":"https:\/\/api.w.org\/{rel}","templated":true}]}}