{"id":1019,"date":"2016-12-23T10:18:16","date_gmt":"2016-12-23T10:18:16","guid":{"rendered":"http:\/\/www.jjkv.se\/?page_id=1019"},"modified":"2017-02-03T14:43:12","modified_gmt":"2017-02-03T14:43:12","slug":"referenser","status":"publish","type":"page","link":"https:\/\/www.jjkv.se\/?page_id=1019","title":{"rendered":"Referenser"},"content":{"rendered":"<h1><\/h1>\n<div class=\"optimizer_divider \"><\/div>\n<h1><\/h1>\n<h2><strong>\u00a0\u00a0\u00a0\u00a0\u00a0\u00a0\u00a0\u00a0\u00a0\u00a0\u00a0\u00a0\u00a0\u00a0\u00a0\u00a0\u00a0\u00a0\u00a0\u00a0\u00a0\u00a0\u00a0\u00a0\u00a0\u00a0\u00a0\u00a0\u00a0\u00a0\u00a0 och rekommendationer fr\u00e5n olika f\u00f6retags kurser.<\/strong><\/h2>\n<p>Hej Mickael<\/p>\n<p>Blev en kanon eftermiddag tycker jag! \u00c4r m\u00e5nga i efterhand som sagt att det vara bra.<a href=\"http:\/\/www.jjkv.se\/wp-content\/uploads\/2016\/12\/OkQ8.jpg\" rel=\"attachment wp-att-1021\"><img loading=\"lazy\" class=\"size-medium wp-image-1021 alignright\" src=\"http:\/\/www.jjkv.se\/wp-content\/uploads\/2016\/12\/OkQ8-300x66.jpg\" alt=\"okq8\" width=\"300\" height=\"66\" srcset=\"https:\/\/www.jjkv.se\/wp-content\/uploads\/2016\/12\/OkQ8-300x66.jpg 300w, https:\/\/www.jjkv.se\/wp-content\/uploads\/2016\/12\/OkQ8-500x111.jpg 500w, https:\/\/www.jjkv.se\/wp-content\/uploads\/2016\/12\/OkQ8.jpg 552w\" sizes=\"(max-width: 300px) 100vw, 300px\" \/><\/a><br \/>\nTack s\u00e5 mycket f\u00f6r det h\u00e4r lyckade samarbetet och lycka till fram\u00f6ver,<\/p>\n<p>Mvh: <strong>Peter Klasson <\/strong>Accountant OKQ8 Shared Service<\/p>\n<p>&nbsp;<\/p>\n<p>Hej,<\/p>\n<p>Vad vet ni om sj\u00e4lvf\u00f6rsvar?<br \/>\nSj\u00e4lvf\u00f6rsvar \u00e4r allt du g\u00f6r f\u00f6r att skydda och f\u00f6rsvara dig mot alla typer av fysiska angrepp. Det handlar om din attityd och att du har f\u00f6rm\u00e5ga att upptr\u00e4da taktiskt.<a href=\"http:\/\/www.jjkv.se\/wp-content\/uploads\/2016\/12\/CGI.jpg\" rel=\"attachment wp-att-1023\"><img loading=\"lazy\" class=\"size-full wp-image-1023 alignright\" src=\"http:\/\/www.jjkv.se\/wp-content\/uploads\/2016\/12\/CGI.jpg\" alt=\"cgi\" width=\"299\" height=\"149\" \/><\/a><\/p>\n<p>Ju-jutsu Kais grundprinciper i sj\u00e4lvf\u00f6rsvar \u00e4r:<\/p>\n<ul>\n<li>Egen bra balans<\/li>\n<li>Motst\u00e5ndarens obalans<\/li>\n<li>Egen b\u00e4sta styrka<\/li>\n<li>Motst\u00e5ndarens s\u00e4msta styrka.<\/li>\n<\/ul>\n<p>Anm\u00e4l er till mig om det finns intresse?<\/p>\n<p>Verkligen Intressant!<br \/>\nJag \u00e4r intresserad.<br \/>\nL\u00e5ter helt klart intressant!<br \/>\nJag vill g\u00e4rna l\u00e4ra mig Sj\u00e4lvskydd.<br \/>\nJag vill g\u00e4rna vara med.<br \/>\nJag \u00e4r intresserad. \ud83d\ude42<br \/>\nDet passar perfekt f\u00f6r mig!<br \/>\n\u00c4ntligen en kurs i sj\u00e4lvf\u00f6rsvar&#8230;<\/p>\n<p>En bra genomf\u00f6rd kurs och inneh\u00e5ll.<\/p>\n<p>\\\\ Monica Halldin Konsultchef p\u00e5 CGI<\/p>\n<p>&nbsp;<\/p>\n<p>&nbsp;<\/p>\n<p><strong><em>Personligt Sj\u00e4lvf\u00f6rsvar Idrottsgymnasiet i V\u00e4ster\u00e5s<br \/>\n<\/em><\/strong><em><strong>F\u00f6r din s\u00e4kerhet i Sverige!<\/strong><\/em><\/p>\n<p>V\u00e4ster\u00e5s Idrottsgymnasium\u00a0testar p\u00e5\u00a0utbildning i sj\u00e4lvf\u00f6rsvar enligt \u00f6nskem\u00e5l fr\u00e5n\u00a0eleverna (tjejerna)\u00a0i skolan.<\/p>\n<p>Attityd och nyfikenhet&#8230;<br \/>\n<img loading=\"lazy\" class=\"size-medium wp-image-1077 alignright\" src=\"http:\/\/www.jjkv.se\/wp-content\/uploads\/2016\/12\/VIG-logga-300x88.gif\" alt=\"VIG logga\" width=\"300\" height=\"88\" \/><\/p>\n<p><a href=\"http:\/\/www.jjkv.se\/wp-content\/uploads\/2017\/02\/IMG_0481.jpg\" rel=\"attachment wp-att-1052\"><img loading=\"lazy\" class=\"alignnone wp-image-1052\" src=\"http:\/\/www.jjkv.se\/wp-content\/uploads\/2017\/02\/IMG_0481-300x225.jpg\" alt=\"IMG_0481\" width=\"99\" height=\"77\" \/><\/a><\/p>\n<p>Idrottsansvarig, Carlos Aravena<br \/>\nRektor, Oskar Walther<\/p>\n","protected":false},"excerpt":{"rendered":"<p>\u00a0\u00a0\u00a0\u00a0\u00a0\u00a0\u00a0\u00a0\u00a0\u00a0\u00a0\u00a0\u00a0\u00a0\u00a0\u00a0\u00a0\u00a0\u00a0\u00a0\u00a0\u00a0\u00a0\u00a0\u00a0\u00a0\u00a0\u00a0\u00a0\u00a0\u00a0 och rekommendationer fr\u00e5n olika f\u00f6retags kurser. Hej Mickael Blev en kanon eftermiddag tycker jag! \u00c4r m\u00e5nga i efterhand som sagt att det vara bra. Tack s\u00e5 mycket f\u00f6r det h\u00e4r lyckade samarbetet och lycka till fram\u00f6ver, Mvh: Peter Klasson &hellip; <a href=\"https:\/\/www.jjkv.se\/?page_id=1019\">L\u00e4s mer <span class=\"meta-nav\">&rarr;<\/span><\/a><\/p>\n","protected":false},"author":4,"featured_media":0,"parent":0,"menu_order":0,"comment_status":"closed","ping_status":"closed","template":"","meta":[],"_links":{"self":[{"href":"https:\/\/www.jjkv.se\/index.php?rest_route=\/wp\/v2\/pages\/1019"}],"collection":[{"href":"https:\/\/www.jjkv.se\/index.php?rest_route=\/wp\/v2\/pages"}],"about":[{"href":"https:\/\/www.jjkv.se\/index.php?rest_route=\/wp\/v2\/types\/page"}],"author":[{"embeddable":true,"href":"https:\/\/www.jjkv.se\/index.php?rest_route=\/wp\/v2\/users\/4"}],"replies":[{"embeddable":true,"href":"https:\/\/www.jjkv.se\/index.php?rest_route=%2Fwp%2Fv2%2Fcomments&post=1019"}],"version-history":[{"count":18,"href":"https:\/\/www.jjkv.se\/index.php?rest_route=\/wp\/v2\/pages\/1019\/revisions"}],"predecessor-version":[{"id":1082,"href":"https:\/\/www.jjkv.se\/index.php?rest_route=\/wp\/v2\/pages\/1019\/revisions\/1082"}],"wp:attachment":[{"href":"https:\/\/www.jjkv.se\/index.php?rest_route=%2Fwp%2Fv2%2Fmedia&parent=1019"}],"curies":[{"name":"wp","href":"https:\/\/api.w.org\/{rel}","templated":true}]}}