{"id":865,"date":"2016-05-30T09:13:26","date_gmt":"2016-05-30T09:13:26","guid":{"rendered":"http:\/\/www.jjkv.se\/?page_id=865"},"modified":"2024-08-29T06:03:11","modified_gmt":"2024-08-29T06:03:11","slug":"kvinnligt-sjalvforsvar","status":"publish","type":"page","link":"http:\/\/www.jjkv.se\/?page_id=865","title":{"rendered":"Kvinnligt sj\u00e4lvf\u00f6rsvar"},"content":{"rendered":"<p><strong>Kurs i kvinnligt sj\u00e4lvf\u00f6rsvar<\/strong><\/p>\n<p>Vi v\u00e4nder oss till dig som k\u00e4nner att det \u00e4r viktigt att kunna f\u00f6rsvara sig i olika situationer d\u00e4r det finns hot om v\u00e5ld.<\/p>\n<p>Tanken \u00e4r att kursen ska ge grundl\u00e4ggande kunskaper om f\u00f6rebyggande sj\u00e4lvskydd &#8211; sj\u00e4lvf\u00f6rsvar och hur man agerar i en hotfylld situation. Vi arbetar mycket med verklighets- anpassade situationer,\u00a0vilket inneb\u00e4r att deltagarna kommer att uts\u00e4ttas f\u00f6r realistiska scenarier inomhus och utomhus.<br \/>\nF\u00f6r\u00f6vare spelas av manliga instrukt\u00f6rer och medhj\u00e4lpare.<\/p>\n<p>M\u00e5let \u00e4r att k\u00e4nna \u00f6kad trygghet i samh\u00e4llet och slippa vardagsr\u00e4dslan.<\/p>\n<p>Dessa \u00e4r n\u00e5gra punkter som vi g\u00e5r igenom.<\/p>\n<p>\u2666 \u00a0F\u00f6rebyggande sj\u00e4lvf\u00f6rsvar<br \/>\n\u2666 \u00a0Psykologiskt sj\u00e4lvf\u00f6rsvar<br \/>\n\u2666 \u00a0Mental tr\u00e4ning<br \/>\n\u2666 \u00a0S\u00e4kerhetst\u00e4nkande<br \/>\n\u2666 \u00a0Sj\u00e4lvf\u00f6rsvars tekniker<\/p>\n<p>Kompendiet Personligt skydd ing\u00e5r till varje kursdeltagare samt ett diplom.<br \/>\n<a href=\"http:\/\/www.jjkv.se\/wp-content\/uploads\/2015\/07\/PersonligtSkydd.jpg\" rel=\"attachment wp-att-665\"><img loading=\"lazy\" class=\"alignnone size-full wp-image-665\" src=\"http:\/\/www.jjkv.se\/wp-content\/uploads\/2015\/07\/PersonligtSkydd.jpg\" alt=\"PersonligtSkydd\" width=\"119\" height=\"169\" \/><\/a><br \/>\n<b>Kurstillf\u00e4lle: S\u00f6ndag 21 Oktober &#8211; 2024<\/b><br \/>\n<b>Plats: Kl\u00f6vernhallen, Judoskolans lokal<br \/>\nTid: 11:00 &#8211; 13:00<\/b><\/p>\n<p>Ni f\u00e5r mer information n\u00e4r ni har anm\u00e4lt er till kursen.<\/p>\n<p>Varmt v\u00e4lkommen med din bokning!<\/p>\n<p>H\u00f6r av er till mig f\u00f6r att f\u00e5 mer information.<br \/>\nMikael Collberg 070-297 07 09 eller<br \/>\n<a href=\"mailto:mikael.collberg@jjkv.se\"><span class=\"username\">mikael.collberg@jjkv.se<\/span><\/a><\/p>\n<p><strong>Betalning<br \/>\n<\/strong>Kostnad 400kr \/person<strong><br \/>\n<\/strong>Betalning sker via Handelsbanken Bankgiro 5055-3247<br \/>\nSker betalningen via en annan bank \u00e4n Handelsbanken skriv in <strong>6531<\/strong> och sedan 5055-3247.<br \/>\nAnge namn, personnummer \u00a0(exempel: Anders Andersson 19840101).<br \/>\nEller via SWISH 070-297 07 09<\/p>\n<p><strong>Bilder fr\u00e5n kursen<br \/>\n<\/strong>Lite bilder fr\u00e5n &#8221;Kvinnligt Sj\u00e4lvf\u00f6rsvar&#8221;<\/p>\n<p><em>Ord och meningar som vi jobbade med!\u00a0\u00a0\u00a0<\/em>\u00a0\u00a0\u00a0\u00a0\u00a0\u00a0\u00a0\u00a0\u00a0\u00a0\u00a0\u00a0\u00a0\u00a0\u00a0 Frihet att v\u00e4lja sin strider!<\/p>\n<p><a href=\"http:\/\/www.jjkv.se\/wp-content\/uploads\/2016\/05\/IMG_0234.jpg\" rel=\"attachment wp-att-990\"><img loading=\"lazy\" class=\"wp-image-990 alignnone\" src=\"http:\/\/www.jjkv.se\/wp-content\/uploads\/2016\/05\/IMG_0234-300x225.jpg\" alt=\"img_0234\" width=\"300\" height=\"225\" srcset=\"http:\/\/www.jjkv.se\/wp-content\/uploads\/2016\/05\/IMG_0234-300x225.jpg 300w, http:\/\/www.jjkv.se\/wp-content\/uploads\/2016\/05\/IMG_0234-768x576.jpg 768w, http:\/\/www.jjkv.se\/wp-content\/uploads\/2016\/05\/IMG_0234-1024x768.jpg 1024w, http:\/\/www.jjkv.se\/wp-content\/uploads\/2016\/05\/IMG_0234-400x300.jpg 400w\" sizes=\"(max-width: 300px) 100vw, 300px\" \/>\u00a0<\/a> <a href=\"http:\/\/www.jjkv.se\/wp-content\/uploads\/2016\/05\/IMG_0243.jpg\" rel=\"attachment wp-att-994\"><img loading=\"lazy\" class=\"alignnone size-medium wp-image-994\" src=\"http:\/\/www.jjkv.se\/wp-content\/uploads\/2016\/05\/IMG_0243-225x300.jpg\" alt=\"img_0243\" width=\"225\" height=\"300\" srcset=\"http:\/\/www.jjkv.se\/wp-content\/uploads\/2016\/05\/IMG_0243-225x300.jpg 225w, http:\/\/www.jjkv.se\/wp-content\/uploads\/2016\/05\/IMG_0243-768x1024.jpg 768w\" sizes=\"(max-width: 225px) 100vw, 225px\" \/><\/a><\/p>\n<p>Paniken \u00e4r din v\u00e4rsta fiende!\u00a0\u00a0\u00a0\u00a0\u00a0\u00a0\u00a0\u00a0\u00a0\u00a0\u00a0\u00a0\u00a0\u00a0\u00a0\u00a0\u00a0\u00a0\u00a0\u00a0\u00a0\u00a0\u00a0\u00a0\u00a0\u00a0\u00a0\u00a0\u00a0\u00a0\u00a0\u00a0\u00a0\u00a0 \u00d6verleva!<\/p>\n<p><a href=\"http:\/\/www.jjkv.se\/wp-content\/uploads\/2016\/05\/IMG_0238.jpg\" rel=\"attachment wp-att-991\"><img loading=\"lazy\" class=\"alignnone size-medium wp-image-991\" src=\"http:\/\/www.jjkv.se\/wp-content\/uploads\/2016\/05\/IMG_0238-300x225.jpg\" alt=\"img_0238\" width=\"300\" height=\"225\" srcset=\"http:\/\/www.jjkv.se\/wp-content\/uploads\/2016\/05\/IMG_0238-300x225.jpg 300w, http:\/\/www.jjkv.se\/wp-content\/uploads\/2016\/05\/IMG_0238-768x576.jpg 768w, http:\/\/www.jjkv.se\/wp-content\/uploads\/2016\/05\/IMG_0238-1024x768.jpg 1024w, http:\/\/www.jjkv.se\/wp-content\/uploads\/2016\/05\/IMG_0238-400x300.jpg 400w\" sizes=\"(max-width: 300px) 100vw, 300px\" \/><\/a>\u00a0 <a href=\"http:\/\/www.jjkv.se\/wp-content\/uploads\/2016\/05\/IMG_0241.jpg\" rel=\"attachment wp-att-992\"><img loading=\"lazy\" class=\"alignnone size-medium wp-image-992\" src=\"http:\/\/www.jjkv.se\/wp-content\/uploads\/2016\/05\/IMG_0241-225x300.jpg\" alt=\"img_0241\" width=\"225\" height=\"300\" srcset=\"http:\/\/www.jjkv.se\/wp-content\/uploads\/2016\/05\/IMG_0241-225x300.jpg 225w, http:\/\/www.jjkv.se\/wp-content\/uploads\/2016\/05\/IMG_0241-768x1024.jpg 768w\" sizes=\"(max-width: 225px) 100vw, 225px\" \/><\/a><a href=\"http:\/\/www.jjkv.se\/wp-content\/uploads\/2016\/05\/DSCF2332.jpg\"><img loading=\"lazy\" class=\"alignnone size-medium wp-image-1217\" src=\"http:\/\/www.jjkv.se\/wp-content\/uploads\/2016\/05\/DSCF2332-300x200.jpg\" alt=\"\" width=\"300\" height=\"200\" srcset=\"http:\/\/www.jjkv.se\/wp-content\/uploads\/2016\/05\/DSCF2332-300x200.jpg 300w, http:\/\/www.jjkv.se\/wp-content\/uploads\/2016\/05\/DSCF2332-768x512.jpg 768w, http:\/\/www.jjkv.se\/wp-content\/uploads\/2016\/05\/DSCF2332-1024x683.jpg 1024w, http:\/\/www.jjkv.se\/wp-content\/uploads\/2016\/05\/DSCF2332-450x300.jpg 450w\" sizes=\"(max-width: 300px) 100vw, 300px\" \/><\/a><a href=\"http:\/\/www.jjkv.se\/wp-content\/uploads\/2016\/05\/DSCF2339.jpg\"><img loading=\"lazy\" class=\"alignnone size-medium wp-image-1218\" src=\"http:\/\/www.jjkv.se\/wp-content\/uploads\/2016\/05\/DSCF2339-200x300.jpg\" alt=\"\" width=\"200\" height=\"300\" srcset=\"http:\/\/www.jjkv.se\/wp-content\/uploads\/2016\/05\/DSCF2339-200x300.jpg 200w, http:\/\/www.jjkv.se\/wp-content\/uploads\/2016\/05\/DSCF2339-768x1152.jpg 768w, http:\/\/www.jjkv.se\/wp-content\/uploads\/2016\/05\/DSCF2339-683x1024.jpg 683w\" sizes=\"(max-width: 200px) 100vw, 200px\" \/><\/a><a href=\"http:\/\/www.jjkv.se\/wp-content\/uploads\/2016\/05\/DSCF2343.jpg\"><img loading=\"lazy\" class=\"alignnone size-medium wp-image-1219\" src=\"http:\/\/www.jjkv.se\/wp-content\/uploads\/2016\/05\/DSCF2343-300x200.jpg\" alt=\"\" width=\"300\" height=\"200\" srcset=\"http:\/\/www.jjkv.se\/wp-content\/uploads\/2016\/05\/DSCF2343-300x200.jpg 300w, http:\/\/www.jjkv.se\/wp-content\/uploads\/2016\/05\/DSCF2343-768x512.jpg 768w, http:\/\/www.jjkv.se\/wp-content\/uploads\/2016\/05\/DSCF2343-1024x683.jpg 1024w, http:\/\/www.jjkv.se\/wp-content\/uploads\/2016\/05\/DSCF2343-450x300.jpg 450w\" sizes=\"(max-width: 300px) 100vw, 300px\" \/><\/a><\/p>\n<p>Kapitulera!\u00a0\u00a0\u00a0\u00a0\u00a0\u00a0\u00a0\u00a0\u00a0\u00a0\u00a0\u00a0\u00a0\u00a0\u00a0\u00a0\u00a0\u00a0\u00a0\u00a0\u00a0\u00a0\u00a0\u00a0\u00a0\u00a0\u00a0\u00a0\u00a0\u00a0\u00a0\u00a0\u00a0\u00a0\u00a0\u00a0\u00a0\u00a0\u00a0\u00a0\u00a0Mentalf\u00f6rberedelse !!!<\/p>\n<p><a href=\"http:\/\/www.jjkv.se\/wp-content\/uploads\/2016\/05\/IMG_0241.jpg\" rel=\"attachment wp-att-992\">\u00a0<\/a>Lycka till och t\u00e4nk p\u00e5 vad vi pratade om \ud83d\ude42<\/p>\n","protected":false},"excerpt":{"rendered":"<p>Kurs i kvinnligt sj\u00e4lvf\u00f6rsvar Vi v\u00e4nder oss till dig som k\u00e4nner att det \u00e4r viktigt att kunna f\u00f6rsvara sig i olika situationer d\u00e4r det finns hot om v\u00e5ld. Tanken \u00e4r att kursen ska ge grundl\u00e4ggande kunskaper om f\u00f6rebyggande sj\u00e4lvskydd &#8211; &hellip; <a href=\"http:\/\/www.jjkv.se\/?page_id=865\">L\u00e4s mer <span class=\"meta-nav\">&rarr;<\/span><\/a><\/p>\n","protected":false},"author":4,"featured_media":0,"parent":762,"menu_order":0,"comment_status":"closed","ping_status":"closed","template":"sidebar-page.php","meta":[],"_links":{"self":[{"href":"http:\/\/www.jjkv.se\/index.php?rest_route=\/wp\/v2\/pages\/865"}],"collection":[{"href":"http:\/\/www.jjkv.se\/index.php?rest_route=\/wp\/v2\/pages"}],"about":[{"href":"http:\/\/www.jjkv.se\/index.php?rest_route=\/wp\/v2\/types\/page"}],"author":[{"embeddable":true,"href":"http:\/\/www.jjkv.se\/index.php?rest_route=\/wp\/v2\/users\/4"}],"replies":[{"embeddable":true,"href":"http:\/\/www.jjkv.se\/index.php?rest_route=%2Fwp%2Fv2%2Fcomments&post=865"}],"version-history":[{"count":61,"href":"http:\/\/www.jjkv.se\/index.php?rest_route=\/wp\/v2\/pages\/865\/revisions"}],"predecessor-version":[{"id":1440,"href":"http:\/\/www.jjkv.se\/index.php?rest_route=\/wp\/v2\/pages\/865\/revisions\/1440"}],"up":[{"embeddable":true,"href":"http:\/\/www.jjkv.se\/index.php?rest_route=\/wp\/v2\/pages\/762"}],"wp:attachment":[{"href":"http:\/\/www.jjkv.se\/index.php?rest_route=%2Fwp%2Fv2%2Fmedia&parent=865"}],"curies":[{"name":"wp","href":"https:\/\/api.w.org\/{rel}","templated":true}]}}