{"id":725,"date":"2015-12-15T11:08:31","date_gmt":"2015-12-15T11:08:31","guid":{"rendered":"http:\/\/www.jjkv.se\/?page_id=725"},"modified":"2019-08-05T07:03:25","modified_gmt":"2019-08-05T07:03:25","slug":"gradering-1112-2015-3","status":"publish","type":"page","link":"http:\/\/www.jjkv.se\/?page_id=725","title":{"rendered":"Gradering 11 december 2015"},"content":{"rendered":"<p>Gradering 11 december 2015.<\/p>\n<p>De k\u00e4mpade v\u00e4l f\u00f6r sina b\u00e4lten. \ud83d\ude42<\/p>\n<p><a href=\"http:\/\/www.jjkv.se\/wp-content\/uploads\/2015\/12\/DSC_0616.jpg\"><img loading=\"lazy\" class=\"alignnone size-medium wp-image-722\" src=\"http:\/\/www.jjkv.se\/wp-content\/uploads\/2015\/12\/DSC_0616-201x300.jpg\" alt=\"DSC_0616\" width=\"201\" height=\"300\" srcset=\"http:\/\/www.jjkv.se\/wp-content\/uploads\/2015\/12\/DSC_0616-201x300.jpg 201w, http:\/\/www.jjkv.se\/wp-content\/uploads\/2015\/12\/DSC_0616-687x1024.jpg 687w, http:\/\/www.jjkv.se\/wp-content\/uploads\/2015\/12\/DSC_0616.jpg 1944w\" sizes=\"(max-width: 201px) 100vw, 201px\" \/><\/a><\/p>\n<p>&nbsp;<\/p>\n","protected":false},"excerpt":{"rendered":"<p>Gradering 11 december 2015. De k\u00e4mpade v\u00e4l f\u00f6r sina b\u00e4lten. \ud83d\ude42 &nbsp;<\/p>\n","protected":false},"author":4,"featured_media":0,"parent":252,"menu_order":0,"comment_status":"closed","ping_status":"closed","template":"","meta":[],"_links":{"self":[{"href":"http:\/\/www.jjkv.se\/index.php?rest_route=\/wp\/v2\/pages\/725"}],"collection":[{"href":"http:\/\/www.jjkv.se\/index.php?rest_route=\/wp\/v2\/pages"}],"about":[{"href":"http:\/\/www.jjkv.se\/index.php?rest_route=\/wp\/v2\/types\/page"}],"author":[{"embeddable":true,"href":"http:\/\/www.jjkv.se\/index.php?rest_route=\/wp\/v2\/users\/4"}],"replies":[{"embeddable":true,"href":"http:\/\/www.jjkv.se\/index.php?rest_route=%2Fwp%2Fv2%2Fcomments&post=725"}],"version-history":[{"count":5,"href":"http:\/\/www.jjkv.se\/index.php?rest_route=\/wp\/v2\/pages\/725\/revisions"}],"predecessor-version":[{"id":1277,"href":"http:\/\/www.jjkv.se\/index.php?rest_route=\/wp\/v2\/pages\/725\/revisions\/1277"}],"up":[{"embeddable":true,"href":"http:\/\/www.jjkv.se\/index.php?rest_route=\/wp\/v2\/pages\/252"}],"wp:attachment":[{"href":"http:\/\/www.jjkv.se\/index.php?rest_route=%2Fwp%2Fv2%2Fmedia&parent=725"}],"curies":[{"name":"wp","href":"https:\/\/api.w.org\/{rel}","templated":true}]}}