{"id":430,"date":"2015-04-14T08:44:32","date_gmt":"2015-04-14T08:44:32","guid":{"rendered":"http:\/\/www.jjkv.se\/?page_id=430"},"modified":"2015-05-08T10:25:24","modified_gmt":"2015-05-08T10:25:24","slug":"sjalvforsvar","status":"publish","type":"page","link":"http:\/\/www.jjkv.se\/?page_id=430","title":{"rendered":"Sj\u00e4lvf\u00f6rsvar"},"content":{"rendered":"<h5 style=\"text-align: left;\">Sj\u00e4lvf\u00f6rsvar \u00e4r allt Du g\u00f6r f\u00f6r att skydda och f\u00f6rsvara Dig mot alla typer av fysiska angrepp. Det finns m\u00e5nga anv\u00e4ndbara metoder att skydda sig mot ett angrepp t.ex. flytta sig undan angreppet, ducka, skrika f\u00f6r att erh\u00e5lla uppm\u00e4rksamhet fr\u00e5n andra, sl\u00e5, sparka, kasta omkull en motst\u00e5ndare. Allt Du kan komma p\u00e5 f\u00f6r att f\u00f6rsvara Dig r\u00e4knas som sj\u00e4lvf\u00f6rsvar. Dock \u00e4r det viktigt att Ditt f\u00f6rsvar st\u00e5r i rimlig proportion till det angrepp som Du blivit utsatt f\u00f6r.<\/h5>\n<h5><\/h5>\n<h5>I Ju-jutsu Kai ing\u00e5r det m\u00e5nga tekniker som \u00e4r v\u00e4l l\u00e4mpade att anv\u00e4nda i en sj\u00e4lvf\u00f6rsvarssituation och dessutom anpassade efter den svenska lagstiftningen om n\u00f6dv\u00e4rn. Anv\u00e4ndbara tekniker \u00e4r bl.a. blockeringar, frig\u00f6ringar och nedl\u00e4ggningar med kontrollgrepp.<\/h5>\n<h5><\/h5>\n","protected":false},"excerpt":{"rendered":"<p>Sj\u00e4lvf\u00f6rsvar \u00e4r allt Du g\u00f6r f\u00f6r att skydda och f\u00f6rsvara Dig mot alla typer av fysiska angrepp. Det finns m\u00e5nga anv\u00e4ndbara metoder att skydda sig mot ett angrepp t.ex. flytta sig undan angreppet, ducka, skrika f\u00f6r att erh\u00e5lla uppm\u00e4rksamhet fr\u00e5n &hellip; <a href=\"http:\/\/www.jjkv.se\/?page_id=430\">L\u00e4s mer <span class=\"meta-nav\">&rarr;<\/span><\/a><\/p>\n","protected":false},"author":1,"featured_media":0,"parent":215,"menu_order":8,"comment_status":"closed","ping_status":"closed","template":"","meta":[],"_links":{"self":[{"href":"http:\/\/www.jjkv.se\/index.php?rest_route=\/wp\/v2\/pages\/430"}],"collection":[{"href":"http:\/\/www.jjkv.se\/index.php?rest_route=\/wp\/v2\/pages"}],"about":[{"href":"http:\/\/www.jjkv.se\/index.php?rest_route=\/wp\/v2\/types\/page"}],"author":[{"embeddable":true,"href":"http:\/\/www.jjkv.se\/index.php?rest_route=\/wp\/v2\/users\/1"}],"replies":[{"embeddable":true,"href":"http:\/\/www.jjkv.se\/index.php?rest_route=%2Fwp%2Fv2%2Fcomments&post=430"}],"version-history":[{"count":7,"href":"http:\/\/www.jjkv.se\/index.php?rest_route=\/wp\/v2\/pages\/430\/revisions"}],"predecessor-version":[{"id":552,"href":"http:\/\/www.jjkv.se\/index.php?rest_route=\/wp\/v2\/pages\/430\/revisions\/552"}],"up":[{"embeddable":true,"href":"http:\/\/www.jjkv.se\/index.php?rest_route=\/wp\/v2\/pages\/215"}],"wp:attachment":[{"href":"http:\/\/www.jjkv.se\/index.php?rest_route=%2Fwp%2Fv2%2Fmedia&parent=430"}],"curies":[{"name":"wp","href":"https:\/\/api.w.org\/{rel}","templated":true}]}}