{"id":154,"date":"2015-01-26T21:41:42","date_gmt":"2015-01-26T21:41:42","guid":{"rendered":"http:\/\/www.jjkv.se\/?page_id=154"},"modified":"2022-07-24T18:03:43","modified_gmt":"2022-07-24T18:03:43","slug":"om-xxx","status":"publish","type":"page","link":"http:\/\/www.jjkv.se\/?page_id=154","title":{"rendered":"Ju-Jutsu Kai"},"content":{"rendered":"<p>Ju-jutsu Kai \u00e4r Sveriges st\u00f6rsta ju-jutsustil och Ju-jutsu Kai ut\u00f6vas i form av fysisk och teknisk tr\u00e4ning inriktad p\u00e5 det g\u00e4llande graderingssystemet. Ju-jutsu Kai l\u00e4mpar sig v\u00e4l som sj\u00e4lvf\u00f6rsvar och inriktar sig d\u00e4rf\u00f6r p\u00e5 att ge medlemmarna en \u00f6kad kunskap om m\u00f6jligheten att f\u00f6rsvara sig mot fysiskt v\u00e5ld, samt att ge saklig information om de juridiska m\u00f6jligheterna till n\u00f6dv\u00e4rn. Ju-jutsu Kai kan \u00e4ven utf\u00f6ras som en t\u00e4vlingsidrott enligt Svenska Ju-jutsuf\u00f6rbundets regler.<\/p>\n<p>Ju-jutsu har funnits i Sverige sedan 1908 d\u00e5 detta sj\u00e4lvf\u00f6rsvar och numera \u00e4ven idrott introducerades av Viking Cronholm. Det finns inom ju-jutsu olika stilar. Den stil som vi ut\u00f6var heter <a href=\"http:\/\/www.ju-jutsukai.se\/\"><span style=\"text-decoration: underline;\">Ju-jutsu Kai<\/span><\/a> och \u00e4r den st\u00f6rsta ju-jutsustilen i landet. Stilen grundades av Hans Greger i slutet av 60- talet och administreras av <a href=\"http:\/\/www.ju-jutsukai.se\/\"><span style=\"text-decoration: underline;\">Svenska Ju-jutsuf\u00f6rbundet<\/span><\/a>.<\/p>\n<p>Ju-jutsu kai \u00e4r ett system som bygger p\u00e5 allsidig kropps- och koordinationstr\u00e4ning som syftar till ett tekniskt och legalt sj\u00e4lvf\u00f6rsvar. F\u00f6r tr\u00e4ning av barn och ungdomar mellan 9-14 \u00e5r har Svenska Ju-jutsuf\u00f6rbundet ett speciellt graderingssystem som \u00e4r anpassat efter barns och ungdomars fysiska f\u00f6rm\u00e5ga.<\/p>\n<p>&nbsp;<\/p>\n","protected":false},"excerpt":{"rendered":"<p>Ju-jutsu Kai \u00e4r Sveriges st\u00f6rsta ju-jutsustil och Ju-jutsu Kai ut\u00f6vas i form av fysisk och teknisk tr\u00e4ning inriktad p\u00e5 det g\u00e4llande graderingssystemet. Ju-jutsu Kai l\u00e4mpar sig v\u00e4l som sj\u00e4lvf\u00f6rsvar och inriktar sig d\u00e4rf\u00f6r p\u00e5 att ge medlemmarna en \u00f6kad kunskap &hellip; <a href=\"http:\/\/www.jjkv.se\/?page_id=154\">L\u00e4s mer <span class=\"meta-nav\">&rarr;<\/span><\/a><\/p>\n","protected":false},"author":1,"featured_media":0,"parent":215,"menu_order":7,"comment_status":"closed","ping_status":"closed","template":"sidebar-page.php","meta":[],"_links":{"self":[{"href":"http:\/\/www.jjkv.se\/index.php?rest_route=\/wp\/v2\/pages\/154"}],"collection":[{"href":"http:\/\/www.jjkv.se\/index.php?rest_route=\/wp\/v2\/pages"}],"about":[{"href":"http:\/\/www.jjkv.se\/index.php?rest_route=\/wp\/v2\/types\/page"}],"author":[{"embeddable":true,"href":"http:\/\/www.jjkv.se\/index.php?rest_route=\/wp\/v2\/users\/1"}],"replies":[{"embeddable":true,"href":"http:\/\/www.jjkv.se\/index.php?rest_route=%2Fwp%2Fv2%2Fcomments&post=154"}],"version-history":[{"count":9,"href":"http:\/\/www.jjkv.se\/index.php?rest_route=\/wp\/v2\/pages\/154\/revisions"}],"predecessor-version":[{"id":1392,"href":"http:\/\/www.jjkv.se\/index.php?rest_route=\/wp\/v2\/pages\/154\/revisions\/1392"}],"up":[{"embeddable":true,"href":"http:\/\/www.jjkv.se\/index.php?rest_route=\/wp\/v2\/pages\/215"}],"wp:attachment":[{"href":"http:\/\/www.jjkv.se\/index.php?rest_route=%2Fwp%2Fv2%2Fmedia&parent=154"}],"curies":[{"name":"wp","href":"https:\/\/api.w.org\/{rel}","templated":true}]}}