{"id":150,"date":"2015-01-26T21:36:56","date_gmt":"2015-01-26T21:36:56","guid":{"rendered":"http:\/\/www.jjkv.se\/?page_id=150"},"modified":"2025-10-20T08:01:04","modified_gmt":"2025-10-20T08:01:04","slug":"hitta-hit","status":"publish","type":"page","link":"http:\/\/www.jjkv.se\/?page_id=150","title":{"rendered":"Hitta hit"},"content":{"rendered":"<p style=\"text-align: justify;\">Vi tr\u00e4nar i lokalerna f\u00f6r F\u00f6reningen KSA V\u00e4ster\u00e5s i Kl\u00f6vernhallen.<br \/>Adress: Sj\u00f6hagsv\u00e4gen 7, 721 32 V\u00e4ster\u00e5s<br \/><br \/><\/p>\n<p><a href=\"http:\/\/www.jjkv.se\/wp-content\/uploads\/2015\/01\/KSA.jpg\"><img loading=\"lazy\" class=\"alignright size-full wp-image-967\" src=\"http:\/\/www.jjkv.se\/wp-content\/uploads\/2015\/01\/KSA.jpg\" alt=\"\" width=\"239\" height=\"152\" \/><\/a><\/p>\n<ul>\n<li style=\"text-align: justify;\">F\u00f6r att komma till lokalen i\u00a0<strong>Kl\u00f6vernhallen<\/strong>, g\u00e5 in p\u00e5 h\u00f6rnet av byggnaden och en trappa upp, d\u00e4r ser ni en d\u00f6rr som leder in till KSA Kampsports Akademin.<\/li>\n<\/ul>\n<p>\u00a0<\/p>\n\n\n<p><\/p>\n","protected":false},"excerpt":{"rendered":"<p>Vi tr\u00e4nar i lokalerna f\u00f6r F\u00f6reningen KSA V\u00e4ster\u00e5s i Kl\u00f6vernhallen.Adress: Sj\u00f6hagsv\u00e4gen 7, 721 32 V\u00e4ster\u00e5s F\u00f6r att komma till lokalen i\u00a0Kl\u00f6vernhallen, g\u00e5 in p\u00e5 h\u00f6rnet av byggnaden och en trappa upp, d\u00e4r ser ni en d\u00f6rr som leder in till &hellip; <a href=\"http:\/\/www.jjkv.se\/?page_id=150\">L\u00e4s mer <span class=\"meta-nav\">&rarr;<\/span><\/a><\/p>\n","protected":false},"author":1,"featured_media":0,"parent":215,"menu_order":1,"comment_status":"closed","ping_status":"closed","template":"sidebar-page.php","meta":[],"_links":{"self":[{"href":"http:\/\/www.jjkv.se\/index.php?rest_route=\/wp\/v2\/pages\/150"}],"collection":[{"href":"http:\/\/www.jjkv.se\/index.php?rest_route=\/wp\/v2\/pages"}],"about":[{"href":"http:\/\/www.jjkv.se\/index.php?rest_route=\/wp\/v2\/types\/page"}],"author":[{"embeddable":true,"href":"http:\/\/www.jjkv.se\/index.php?rest_route=\/wp\/v2\/users\/1"}],"replies":[{"embeddable":true,"href":"http:\/\/www.jjkv.se\/index.php?rest_route=%2Fwp%2Fv2%2Fcomments&post=150"}],"version-history":[{"count":35,"href":"http:\/\/www.jjkv.se\/index.php?rest_route=\/wp\/v2\/pages\/150\/revisions"}],"predecessor-version":[{"id":1449,"href":"http:\/\/www.jjkv.se\/index.php?rest_route=\/wp\/v2\/pages\/150\/revisions\/1449"}],"up":[{"embeddable":true,"href":"http:\/\/www.jjkv.se\/index.php?rest_route=\/wp\/v2\/pages\/215"}],"wp:attachment":[{"href":"http:\/\/www.jjkv.se\/index.php?rest_route=%2Fwp%2Fv2%2Fmedia&parent=150"}],"curies":[{"name":"wp","href":"https:\/\/api.w.org\/{rel}","templated":true}]}}